{"id":66822,"date":"2026-01-09T14:31:58","date_gmt":"2026-01-09T13:31:58","guid":{"rendered":"https:\/\/vitalstoffversand.com\/produkt\/vit4ever-complejo-pms-balance-180-capsulas\/"},"modified":"2026-03-21T15:52:31","modified_gmt":"2026-03-21T14:52:31","slug":"vit4ever-complejo-pms-balance-180-capsulas","status":"publish","type":"product","link":"https:\/\/vitalstoffversand.com\/es\/producto\/vit4ever-complejo-pms-balance-180-capsulas\/","title":{"rendered":"Vit4ever <br>Complejo PMS Balance &#8211; 180 c\u00e1psulas"},"content":{"rendered":"<p>PMS Balance Komplex es una combinaci\u00f3n cuidadosamente seleccionada de vitaminas, minerales y extractos vegetales que puede ayudar a las mujeres, especialmente en \u00e9pocas de cambios hormonales.<\/p>\n<p>Los principios activos Affron\u00ae (extracto de azafr\u00e1n), Biofolate\u00ae (\u00e1cido f\u00f3lico), Rhodiola rosea, ashwagandha, agnocasto, as\u00ed como magnesio, vitamina B6, B12, hierro y zinc, se complementan aqu\u00ed de manera eficaz.<\/p>\n<ul>\n<li>Vegano<\/li>\n<li>Sin gluten<\/li>\n<li>Sin lactosa<\/li>\n<li>Sin OGM<\/li>\n<li>Fabricado seg\u00fan los estrictos est\u00e1ndares de calidad de la UE.<\/li>\n<\/ul>\n","protected":false},"excerpt":{"rendered":"<p>PMS Balance Komplex es una combinaci\u00f3n cuidadosamente seleccionada de vitaminas, minerales y extractos vegetales que puede ayudar a las mujeres, especialmente en \u00e9pocas de cambios hormonales. Los principios activos Affron\u00ae (extracto de azafr\u00e1n), Biofolate\u00ae (\u00e1cido f\u00f3lico), Rhodiola rosea, ashwagandha, agnocasto, as\u00ed como magnesio, vitamina B6, B12, hierro y zinc, se complementan aqu\u00ed de manera eficaz. [&hellip;]<\/p>\n","protected":false},"featured_media":66816,"template":"","meta":{"_acf_changed":false},"product_brand":[10219],"product_cat":[350,363],"product_tag":[],"class_list":{"0":"post-66822","1":"product","2":"type-product","3":"status-publish","4":"has-post-thumbnail","6":"product_brand-vit4ever-es","7":"product_cat-nutrientes","8":"product_cat-productos-de-a-z","10":"first","11":"instock","12":"taxable","13":"shipping-taxable","14":"purchasable","15":"product-type-simple"},"acf":[],"_links":{"self":[{"href":"https:\/\/vitalstoffversand.com\/es\/wp-json\/wp\/v2\/product\/66822","targetHints":{"allow":["GET"]}}],"collection":[{"href":"https:\/\/vitalstoffversand.com\/es\/wp-json\/wp\/v2\/product"}],"about":[{"href":"https:\/\/vitalstoffversand.com\/es\/wp-json\/wp\/v2\/types\/product"}],"wp:featuredmedia":[{"embeddable":true,"href":"https:\/\/vitalstoffversand.com\/es\/wp-json\/wp\/v2\/media\/66816"}],"wp:attachment":[{"href":"https:\/\/vitalstoffversand.com\/es\/wp-json\/wp\/v2\/media?parent=66822"}],"wp:term":[{"taxonomy":"product_brand","embeddable":true,"href":"https:\/\/vitalstoffversand.com\/es\/wp-json\/wp\/v2\/product_brand?post=66822"},{"taxonomy":"product_cat","embeddable":true,"href":"https:\/\/vitalstoffversand.com\/es\/wp-json\/wp\/v2\/product_cat?post=66822"},{"taxonomy":"product_tag","embeddable":true,"href":"https:\/\/vitalstoffversand.com\/es\/wp-json\/wp\/v2\/product_tag?post=66822"}],"curies":[{"name":"wp","href":"https:\/\/api.w.org\/{rel}","templated":true}]}}