{"id":66815,"date":"2026-01-09T14:30:58","date_gmt":"2026-01-09T13:30:58","guid":{"rendered":"https:\/\/vitalstoffversand.com\/produkt\/vit4ever-biotina-365-comprimidos\/"},"modified":"2026-03-21T15:52:34","modified_gmt":"2026-03-21T14:52:34","slug":"vit4ever-biotina-365-comprimidos","status":"publish","type":"product","link":"https:\/\/vitalstoffversand.com\/es\/producto\/vit4ever-biotina-365-comprimidos\/","title":{"rendered":"Vit4ever <br>Biotina &#8211; 365 comprimidos"},"content":{"rendered":"<p>La biotina, tambi\u00e9n conocida como <strong><span style=\"color: #0000ff;\"><a href=\"https:\/\/vitalstoffversand.com\/knowledge-base\/vitamin-b7-biotin\/\" target=\"_blank\" rel=\"noopener\">\u2192 vitamina B7<\/a><\/span><\/strong>, pertenece al grupo de las vitaminas del complejo B, que son esenciales para nuestro organismo.<\/p>\n<p>La biotina es hidrosoluble, por lo que una sobredosis moderada y prolongada no supone ning\u00fan peligro.<\/p>\n<ul>\n<li>Vegano<\/li>\n<li>Sin gluten<\/li>\n<li>Sin lactosa<\/li>\n<li>Sin OGM<\/li>\n<li>Fabricado seg\u00fan los estrictos est\u00e1ndares de calidad de la UE.<\/li>\n<\/ul>\n","protected":false},"excerpt":{"rendered":"<p>La biotina, tambi\u00e9n conocida como \u2192 vitamina B7, pertenece al grupo de las vitaminas del complejo B, que son esenciales para nuestro organismo. La biotina es hidrosoluble, por lo que una sobredosis moderada y prolongada no supone ning\u00fan peligro. Vegano Sin gluten Sin lactosa Sin OGM Fabricado seg\u00fan los estrictos est\u00e1ndares de calidad de la [&hellip;]<\/p>\n","protected":false},"featured_media":66812,"template":"","meta":{"_acf_changed":false},"product_brand":[10219],"product_cat":[350,363],"product_tag":[],"class_list":{"0":"post-66815","1":"product","2":"type-product","3":"status-publish","4":"has-post-thumbnail","6":"product_brand-vit4ever-es","7":"product_cat-nutrientes","8":"product_cat-productos-de-a-z","10":"first","11":"instock","12":"taxable","13":"shipping-taxable","14":"purchasable","15":"product-type-simple"},"acf":[],"_links":{"self":[{"href":"https:\/\/vitalstoffversand.com\/es\/wp-json\/wp\/v2\/product\/66815","targetHints":{"allow":["GET"]}}],"collection":[{"href":"https:\/\/vitalstoffversand.com\/es\/wp-json\/wp\/v2\/product"}],"about":[{"href":"https:\/\/vitalstoffversand.com\/es\/wp-json\/wp\/v2\/types\/product"}],"wp:featuredmedia":[{"embeddable":true,"href":"https:\/\/vitalstoffversand.com\/es\/wp-json\/wp\/v2\/media\/66812"}],"wp:attachment":[{"href":"https:\/\/vitalstoffversand.com\/es\/wp-json\/wp\/v2\/media?parent=66815"}],"wp:term":[{"taxonomy":"product_brand","embeddable":true,"href":"https:\/\/vitalstoffversand.com\/es\/wp-json\/wp\/v2\/product_brand?post=66815"},{"taxonomy":"product_cat","embeddable":true,"href":"https:\/\/vitalstoffversand.com\/es\/wp-json\/wp\/v2\/product_cat?post=66815"},{"taxonomy":"product_tag","embeddable":true,"href":"https:\/\/vitalstoffversand.com\/es\/wp-json\/wp\/v2\/product_tag?post=66815"}],"curies":[{"name":"wp","href":"https:\/\/api.w.org\/{rel}","templated":true}]}}