{"id":66401,"date":"2025-10-08T13:30:31","date_gmt":"2025-10-08T11:30:31","guid":{"rendered":"https:\/\/vitalstoffversand.com\/produkt\/vit4ever-clara-de-huevo-liquida-970-ml\/"},"modified":"2026-03-21T15:53:05","modified_gmt":"2026-03-21T14:53:05","slug":"vit4ever-clara-de-huevo-liquida-970-ml","status":"publish","type":"product","link":"https:\/\/vitalstoffversand.com\/es\/producto\/vit4ever-clara-de-huevo-liquida-970-ml\/","title":{"rendered":"Vit4ever <br>Clara de huevo l\u00edquida &#8211; 970 ml"},"content":{"rendered":"<p>Clara de huevo l\u00edquida procedente de gallinas criadas al aire libre.<\/p>\n<p>Una botella equivale a 32 huevos frescos y constituye una fuente natural de prote\u00ednas de alta calidad.<\/p>\n<ul>\n<li>Sin gluten<\/li>\n<li>Sin lactosa<\/li>\n<li>Sin OGM<\/li>\n<li>Fabricado seg\u00fan los estrictos est\u00e1ndares de calidad de la UE.<\/li>\n<\/ul>\n","protected":false},"excerpt":{"rendered":"<p>Clara de huevo l\u00edquida procedente de gallinas criadas al aire libre. Una botella equivale a 32 huevos frescos y constituye una fuente natural de prote\u00ednas de alta calidad. Sin gluten Sin lactosa Sin OGM Fabricado seg\u00fan los estrictos est\u00e1ndares de calidad de la UE.<\/p>\n","protected":false},"featured_media":58755,"template":"","meta":{"_acf_changed":false},"product_brand":[10219],"product_cat":[327,363,343],"product_tag":[],"class_list":{"0":"post-66401","1":"product","2":"type-product","3":"status-publish","4":"has-post-thumbnail","6":"product_brand-vit4ever-es","7":"product_cat-cocinar-y-picar","8":"product_cat-productos-de-a-z","9":"product_cat-proteinas","11":"first","12":"instock","13":"taxable","14":"shipping-taxable","15":"purchasable","16":"product-type-simple"},"acf":[],"_links":{"self":[{"href":"https:\/\/vitalstoffversand.com\/es\/wp-json\/wp\/v2\/product\/66401","targetHints":{"allow":["GET"]}}],"collection":[{"href":"https:\/\/vitalstoffversand.com\/es\/wp-json\/wp\/v2\/product"}],"about":[{"href":"https:\/\/vitalstoffversand.com\/es\/wp-json\/wp\/v2\/types\/product"}],"wp:featuredmedia":[{"embeddable":true,"href":"https:\/\/vitalstoffversand.com\/es\/wp-json\/wp\/v2\/media\/58755"}],"wp:attachment":[{"href":"https:\/\/vitalstoffversand.com\/es\/wp-json\/wp\/v2\/media?parent=66401"}],"wp:term":[{"taxonomy":"product_brand","embeddable":true,"href":"https:\/\/vitalstoffversand.com\/es\/wp-json\/wp\/v2\/product_brand?post=66401"},{"taxonomy":"product_cat","embeddable":true,"href":"https:\/\/vitalstoffversand.com\/es\/wp-json\/wp\/v2\/product_cat?post=66401"},{"taxonomy":"product_tag","embeddable":true,"href":"https:\/\/vitalstoffversand.com\/es\/wp-json\/wp\/v2\/product_tag?post=66401"}],"curies":[{"name":"wp","href":"https:\/\/api.w.org\/{rel}","templated":true}]}}