{"id":66236,"date":"2025-06-11T17:06:58","date_gmt":"2025-06-11T15:06:58","guid":{"rendered":"https:\/\/vitalstoffversand.com\/produkt\/vit4ever-complejo-ashwagandha-ksm-66-180-capsulas\/"},"modified":"2025-06-11T17:06:58","modified_gmt":"2025-06-11T15:06:58","slug":"vit4ever-complejo-ashwagandha-ksm-66-180-capsulas","status":"publish","type":"product","link":"https:\/\/vitalstoffversand.com\/es\/producto\/vit4ever-complejo-ashwagandha-ksm-66-180-capsulas\/","title":{"rendered":"Vit4ever <br>Complejo Ashwagandha KSM-66 &#8211; 180 c\u00e1psulas"},"content":{"rendered":"<p>La ashwagandha (Withania somnifera) forma parte desde hace siglos de la bot\u00e1nica ayurv\u00e9dica y est\u00e1 ganando cada vez m\u00e1s popularidad tambi\u00e9n en los pa\u00edses occidentales.<\/p>\n<p>KSM-66\u00ae proporciona un extracto de ra\u00edz patentado de especial calidad, que se combina en este producto con <a href=\"https:\/\/vitalstoffversand.com\/knowledge-base\/magnesium\/\" target=\"_blank\" rel=\"noopener\"><strong><span style=\"color: #0000ff;\">\u2192 Magnesio<\/span><\/strong><\/a>, <a href=\"https:\/\/vitalstoffversand.com\/knowledge-base\/zink\/\" target=\"_blank\" rel=\"noopener\"><strong><span style=\"color: #0000ff;\">\u2192 zinc<\/span><\/strong><\/a> y <a href=\"https:\/\/vitalstoffversand.com\/knowledge-base\/vitamin-b6\/\" target=\"_blank\" rel=\"noopener\"><strong><span style=\"color: #0000ff;\">\u2192 vitamina B6<\/span><\/strong><\/a> se han combinado para crear un conjunto global sensato.<\/p>\n<ul>\n<li>Vegano<\/li>\n<li>Sin gluten<\/li>\n<li>Sin lactosa<\/li>\n<li>Sin OGM<\/li>\n<li>Fabricado seg\u00fan los estrictos est\u00e1ndares de calidad de la UE.<\/li>\n<\/ul>\n","protected":false},"excerpt":{"rendered":"<p>La ashwagandha (Withania somnifera) forma parte desde hace siglos de la bot\u00e1nica ayurv\u00e9dica y est\u00e1 ganando cada vez m\u00e1s popularidad tambi\u00e9n en los pa\u00edses occidentales. KSM-66\u00ae proporciona un extracto de ra\u00edz patentado de especial calidad, que se combina en este producto con \u2192 Magnesio, \u2192 zinc y \u2192 vitamina B6 se han combinado para crear [&hellip;]<\/p>\n","protected":false},"featured_media":58363,"template":"","meta":{"_acf_changed":false},"product_brand":[10219],"product_cat":[350,363],"product_tag":[],"class_list":{"0":"post-66236","1":"product","2":"type-product","3":"status-publish","4":"has-post-thumbnail","6":"product_brand-vit4ever-es","7":"product_cat-nutrientes","8":"product_cat-productos-de-a-z","10":"first","11":"outofstock","12":"taxable","13":"shipping-taxable","14":"purchasable","15":"product-type-simple"},"acf":[],"_links":{"self":[{"href":"https:\/\/vitalstoffversand.com\/es\/wp-json\/wp\/v2\/product\/66236","targetHints":{"allow":["GET"]}}],"collection":[{"href":"https:\/\/vitalstoffversand.com\/es\/wp-json\/wp\/v2\/product"}],"about":[{"href":"https:\/\/vitalstoffversand.com\/es\/wp-json\/wp\/v2\/types\/product"}],"wp:featuredmedia":[{"embeddable":true,"href":"https:\/\/vitalstoffversand.com\/es\/wp-json\/wp\/v2\/media\/58363"}],"wp:attachment":[{"href":"https:\/\/vitalstoffversand.com\/es\/wp-json\/wp\/v2\/media?parent=66236"}],"wp:term":[{"taxonomy":"product_brand","embeddable":true,"href":"https:\/\/vitalstoffversand.com\/es\/wp-json\/wp\/v2\/product_brand?post=66236"},{"taxonomy":"product_cat","embeddable":true,"href":"https:\/\/vitalstoffversand.com\/es\/wp-json\/wp\/v2\/product_cat?post=66236"},{"taxonomy":"product_tag","embeddable":true,"href":"https:\/\/vitalstoffversand.com\/es\/wp-json\/wp\/v2\/product_tag?post=66236"}],"curies":[{"name":"wp","href":"https:\/\/api.w.org\/{rel}","templated":true}]}}