{"id":66218,"date":"2025-06-11T17:03:09","date_gmt":"2025-06-11T15:03:09","guid":{"rendered":"https:\/\/vitalstoffversand.com\/produkt\/vit4ever-nac-800-n-acetil-l-cisteina-240-capsulas-2\/"},"modified":"2025-06-11T17:03:09","modified_gmt":"2025-06-11T15:03:09","slug":"vit4ever-nac-800-n-acetil-l-cisteina-240-capsulas-2","status":"publish","type":"product","link":"https:\/\/vitalstoffversand.com\/es\/producto\/vit4ever-nac-800-n-acetil-l-cisteina-240-capsulas-2\/","title":{"rendered":"Vit4ever <br>NAC 800 &#8211; N-acetil L-ciste\u00edna &#8211; 240 c\u00e1psulas"},"content":{"rendered":"<p>La N-acetil-L-ciste\u00edna act\u00faa como una especie de sistema de control del tr\u00e1fico para una gran variedad de procesos de transporte en nuestro organismo.<\/p>\n<ul>\n<li>Vegano<\/li>\n<li>Sin gluten<\/li>\n<li>Sin lactosa<\/li>\n<li>Sin OGM<\/li>\n<li>Fabricado seg\u00fan los estrictos est\u00e1ndares de calidad de la UE.<\/li>\n<\/ul>\n","protected":false},"excerpt":{"rendered":"<p>La N-acetil-L-ciste\u00edna act\u00faa como una especie de sistema de control del tr\u00e1fico para una gran variedad de procesos de transporte en nuestro organismo. Vegano Sin gluten Sin lactosa Sin OGM Fabricado seg\u00fan los estrictos est\u00e1ndares de calidad de la UE.<\/p>\n","protected":false},"featured_media":58283,"template":"","meta":{"_acf_changed":false},"product_brand":[10219],"product_cat":[350,363],"product_tag":[],"class_list":{"0":"post-66218","1":"product","2":"type-product","3":"status-publish","4":"has-post-thumbnail","6":"product_brand-vit4ever-es","7":"product_cat-nutrientes","8":"product_cat-productos-de-a-z","10":"first","11":"instock","12":"taxable","13":"shipping-taxable","14":"purchasable","15":"product-type-simple"},"acf":[],"_links":{"self":[{"href":"https:\/\/vitalstoffversand.com\/es\/wp-json\/wp\/v2\/product\/66218","targetHints":{"allow":["GET"]}}],"collection":[{"href":"https:\/\/vitalstoffversand.com\/es\/wp-json\/wp\/v2\/product"}],"about":[{"href":"https:\/\/vitalstoffversand.com\/es\/wp-json\/wp\/v2\/types\/product"}],"wp:featuredmedia":[{"embeddable":true,"href":"https:\/\/vitalstoffversand.com\/es\/wp-json\/wp\/v2\/media\/58283"}],"wp:attachment":[{"href":"https:\/\/vitalstoffversand.com\/es\/wp-json\/wp\/v2\/media?parent=66218"}],"wp:term":[{"taxonomy":"product_brand","embeddable":true,"href":"https:\/\/vitalstoffversand.com\/es\/wp-json\/wp\/v2\/product_brand?post=66218"},{"taxonomy":"product_cat","embeddable":true,"href":"https:\/\/vitalstoffversand.com\/es\/wp-json\/wp\/v2\/product_cat?post=66218"},{"taxonomy":"product_tag","embeddable":true,"href":"https:\/\/vitalstoffversand.com\/es\/wp-json\/wp\/v2\/product_tag?post=66218"}],"curies":[{"name":"wp","href":"https:\/\/api.w.org\/{rel}","templated":true}]}}