{"id":66217,"date":"2025-06-11T17:04:31","date_gmt":"2025-06-11T15:04:31","guid":{"rendered":"https:\/\/vitalstoffversand.com\/produkt\/vit4ever-ginseng-rojo-panax-180-capsulas\/"},"modified":"2025-06-11T17:04:31","modified_gmt":"2025-06-11T15:04:31","slug":"vit4ever-ginseng-rojo-panax-180-capsulas","status":"publish","type":"product","link":"https:\/\/vitalstoffversand.com\/es\/producto\/vit4ever-ginseng-rojo-panax-180-capsulas\/","title":{"rendered":"Vit4ever <br>Ginseng rojo Panax &#8211; 180 c\u00e1psulas"},"content":{"rendered":"<p>El ginseng coreano (Panax ginseng C.A. Meyer) es, desde hace siglos, uno de los remedios naturales m\u00e1s valiosos de la medicina tradicional asi\u00e1tica.<\/p>\n<p>El extracto 20:1 te aporta 120 mg de ginsen\u00f3sidos en cada c\u00e1psula.<\/p>\n<ul>\n<li>Vegano<\/li>\n<li>Sin gluten<\/li>\n<li>Sin lactosa<\/li>\n<li>Sin OGM<\/li>\n<li>Fabricado seg\u00fan los estrictos est\u00e1ndares de calidad de la UE.<\/li>\n<\/ul>\n","protected":false},"excerpt":{"rendered":"<p>El ginseng coreano (Panax ginseng C.A. Meyer) es, desde hace siglos, uno de los remedios naturales m\u00e1s valiosos de la medicina tradicional asi\u00e1tica. El extracto 20:1 te aporta 120 mg de ginsen\u00f3sidos en cada c\u00e1psula. Vegano Sin gluten Sin lactosa Sin OGM Fabricado seg\u00fan los estrictos est\u00e1ndares de calidad de la UE.<\/p>\n","protected":false},"featured_media":58323,"template":"","meta":{"_acf_changed":false},"product_brand":[10219],"product_cat":[350,363],"product_tag":[],"class_list":{"0":"post-66217","1":"product","2":"type-product","3":"status-publish","4":"has-post-thumbnail","6":"product_brand-vit4ever-es","7":"product_cat-nutrientes","8":"product_cat-productos-de-a-z","10":"first","11":"instock","12":"taxable","13":"shipping-taxable","14":"purchasable","15":"product-type-simple"},"acf":[],"_links":{"self":[{"href":"https:\/\/vitalstoffversand.com\/es\/wp-json\/wp\/v2\/product\/66217","targetHints":{"allow":["GET"]}}],"collection":[{"href":"https:\/\/vitalstoffversand.com\/es\/wp-json\/wp\/v2\/product"}],"about":[{"href":"https:\/\/vitalstoffversand.com\/es\/wp-json\/wp\/v2\/types\/product"}],"wp:featuredmedia":[{"embeddable":true,"href":"https:\/\/vitalstoffversand.com\/es\/wp-json\/wp\/v2\/media\/58323"}],"wp:attachment":[{"href":"https:\/\/vitalstoffversand.com\/es\/wp-json\/wp\/v2\/media?parent=66217"}],"wp:term":[{"taxonomy":"product_brand","embeddable":true,"href":"https:\/\/vitalstoffversand.com\/es\/wp-json\/wp\/v2\/product_brand?post=66217"},{"taxonomy":"product_cat","embeddable":true,"href":"https:\/\/vitalstoffversand.com\/es\/wp-json\/wp\/v2\/product_cat?post=66217"},{"taxonomy":"product_tag","embeddable":true,"href":"https:\/\/vitalstoffversand.com\/es\/wp-json\/wp\/v2\/product_tag?post=66217"}],"curies":[{"name":"wp","href":"https:\/\/api.w.org\/{rel}","templated":true}]}}