{"id":66184,"date":"2025-06-11T17:01:02","date_gmt":"2025-06-11T15:01:02","guid":{"rendered":"https:\/\/vitalstoffversand.com\/produkt\/vit4ever-extracto-de-te-verde-300-comprimidos\/"},"modified":"2026-03-17T17:39:18","modified_gmt":"2026-03-17T16:39:18","slug":"vit4ever-extracto-de-te-verde-300-comprimidos","status":"publish","type":"product","link":"https:\/\/vitalstoffversand.com\/es\/producto\/vit4ever-extracto-de-te-verde-300-comprimidos\/","title":{"rendered":"Vit4ever <br>Extracto de t\u00e9 verde &#8211; 300 comprimidos"},"content":{"rendered":"<p>El t\u00e9 verde se aprecia desde hace milenios, ya que no solo tiene un sabor delicioso, sino que tambi\u00e9n es rico en sustancias vegetales beneficiosas.<\/p>\n<p>Entre otras cosas, contiene polifenoles y catequinas, lo que lo convierte en un ingrediente muy utilizado en los complementos alimenticios modernos.<\/p>\n<ul>\n<li>Vegano<\/li>\n<li>Sin gluten<\/li>\n<li>Sin lactosa<\/li>\n<li>Sin OGM<\/li>\n<li>Fabricado seg\u00fan los estrictos est\u00e1ndares de calidad de la UE.<\/li>\n<\/ul>\n","protected":false},"excerpt":{"rendered":"<p>El t\u00e9 verde se aprecia desde hace milenios, ya que no solo tiene un sabor delicioso, sino que tambi\u00e9n es rico en sustancias vegetales beneficiosas. Entre otras cosas, contiene polifenoles y catequinas, lo que lo convierte en un ingrediente muy utilizado en los complementos alimenticios modernos. Vegano Sin gluten Sin lactosa Sin OGM Fabricado seg\u00fan [&hellip;]<\/p>\n","protected":false},"featured_media":58275,"template":"","meta":{"_acf_changed":false},"product_brand":[10219],"product_cat":[350,363],"product_tag":[],"class_list":{"0":"post-66184","1":"product","2":"type-product","3":"status-publish","4":"has-post-thumbnail","6":"product_brand-vit4ever-es","7":"product_cat-nutrientes","8":"product_cat-productos-de-a-z","10":"first","11":"instock","12":"taxable","13":"shipping-taxable","14":"purchasable","15":"product-type-simple"},"acf":[],"_links":{"self":[{"href":"https:\/\/vitalstoffversand.com\/es\/wp-json\/wp\/v2\/product\/66184","targetHints":{"allow":["GET"]}}],"collection":[{"href":"https:\/\/vitalstoffversand.com\/es\/wp-json\/wp\/v2\/product"}],"about":[{"href":"https:\/\/vitalstoffversand.com\/es\/wp-json\/wp\/v2\/types\/product"}],"wp:featuredmedia":[{"embeddable":true,"href":"https:\/\/vitalstoffversand.com\/es\/wp-json\/wp\/v2\/media\/58275"}],"wp:attachment":[{"href":"https:\/\/vitalstoffversand.com\/es\/wp-json\/wp\/v2\/media?parent=66184"}],"wp:term":[{"taxonomy":"product_brand","embeddable":true,"href":"https:\/\/vitalstoffversand.com\/es\/wp-json\/wp\/v2\/product_brand?post=66184"},{"taxonomy":"product_cat","embeddable":true,"href":"https:\/\/vitalstoffversand.com\/es\/wp-json\/wp\/v2\/product_cat?post=66184"},{"taxonomy":"product_tag","embeddable":true,"href":"https:\/\/vitalstoffversand.com\/es\/wp-json\/wp\/v2\/product_tag?post=66184"}],"curies":[{"name":"wp","href":"https:\/\/api.w.org\/{rel}","templated":true}]}}