{"id":66182,"date":"2025-06-11T16:59:36","date_gmt":"2025-06-11T14:59:36","guid":{"rendered":"https:\/\/vitalstoffversand.com\/produkt\/vit4ever-diente-de-leon-ecologico-240-capsulas\/"},"modified":"2025-06-11T16:59:36","modified_gmt":"2025-06-11T14:59:36","slug":"vit4ever-diente-de-leon-ecologico-240-capsulas","status":"publish","type":"product","link":"https:\/\/vitalstoffversand.com\/es\/producto\/vit4ever-diente-de-leon-ecologico-240-capsulas\/","title":{"rendered":"Vit4ever <br>Diente de le\u00f3n ecol\u00f3gico &#8211; 240 c\u00e1psulas"},"content":{"rendered":"<p>El diente de le\u00f3n se considera desde hace siglos un remedio casero tradicional y tiene m\u00faltiples usos.<\/p>\n<p>Un extracto de alta calidad 10:1 de ra\u00edz de diente de le\u00f3n (Taraxacum officinale) te aporta todos los componentes (sustancias amargas, fitoqu\u00edmicos) de la ra\u00edz de esta planta discreta pero valiosa, en calidad ecol\u00f3gica.<\/p>\n<ul>\n<li>Vegano<\/li>\n<li>Sin gluten<\/li>\n<li>Sin lactosa<\/li>\n<li>Sin OGM<\/li>\n<li>Fabricado seg\u00fan los estrictos est\u00e1ndares de calidad de la UE.<\/li>\n<\/ul>\n","protected":false},"excerpt":{"rendered":"<p>El diente de le\u00f3n se considera desde hace siglos un remedio casero tradicional y tiene m\u00faltiples usos. Un extracto de alta calidad 10:1 de ra\u00edz de diente de le\u00f3n (Taraxacum officinale) te aporta todos los componentes (sustancias amargas, fitoqu\u00edmicos) de la ra\u00edz de esta planta discreta pero valiosa, en calidad ecol\u00f3gica. Vegano Sin gluten Sin [&hellip;]<\/p>\n","protected":false},"featured_media":58235,"template":"","meta":{"_acf_changed":false},"product_brand":[10219],"product_cat":[350,303,363],"product_tag":[],"class_list":{"0":"post-66182","1":"product","2":"type-product","3":"status-publish","4":"has-post-thumbnail","6":"product_brand-vit4ever-es","7":"product_cat-nutrientes","8":"product_cat-ecologico","9":"product_cat-productos-de-a-z","11":"first","12":"outofstock","13":"taxable","14":"shipping-taxable","15":"purchasable","16":"product-type-simple"},"acf":[],"_links":{"self":[{"href":"https:\/\/vitalstoffversand.com\/es\/wp-json\/wp\/v2\/product\/66182","targetHints":{"allow":["GET"]}}],"collection":[{"href":"https:\/\/vitalstoffversand.com\/es\/wp-json\/wp\/v2\/product"}],"about":[{"href":"https:\/\/vitalstoffversand.com\/es\/wp-json\/wp\/v2\/types\/product"}],"wp:featuredmedia":[{"embeddable":true,"href":"https:\/\/vitalstoffversand.com\/es\/wp-json\/wp\/v2\/media\/58235"}],"wp:attachment":[{"href":"https:\/\/vitalstoffversand.com\/es\/wp-json\/wp\/v2\/media?parent=66182"}],"wp:term":[{"taxonomy":"product_brand","embeddable":true,"href":"https:\/\/vitalstoffversand.com\/es\/wp-json\/wp\/v2\/product_brand?post=66182"},{"taxonomy":"product_cat","embeddable":true,"href":"https:\/\/vitalstoffversand.com\/es\/wp-json\/wp\/v2\/product_cat?post=66182"},{"taxonomy":"product_tag","embeddable":true,"href":"https:\/\/vitalstoffversand.com\/es\/wp-json\/wp\/v2\/product_tag?post=66182"}],"curies":[{"name":"wp","href":"https:\/\/api.w.org\/{rel}","templated":true}]}}