{"id":66170,"date":"2025-06-11T16:58:05","date_gmt":"2025-06-11T14:58:05","guid":{"rendered":"https:\/\/vitalstoffversand.com\/produkt\/vit4ever-l-teanina-180-capsulas\/"},"modified":"2025-06-11T16:58:05","modified_gmt":"2025-06-11T14:58:05","slug":"vit4ever-l-teanina-180-capsulas","status":"publish","type":"product","link":"https:\/\/vitalstoffversand.com\/es\/producto\/vit4ever-l-teanina-180-capsulas\/","title":{"rendered":"Vit4ever <br>L-teanina &#8211; 180 c\u00e1psulas"},"content":{"rendered":"<p>La L-teanina es un amino\u00e1cido natural que se encuentra en las hojas del t\u00e9 verde.<\/p>\n<p>La investigaci\u00f3n se centra en los posibles efectos de la L-teanina sobre las funciones cognitivas y las reacciones al estr\u00e9s.<\/p>\n<p>La presentaci\u00f3n en c\u00e1psulas te permite tomar este extracto vegetal sin tener que recurrir al consumo habitual de t\u00e9 verde ni a la cafe\u00edna que contiene.<\/p>\n<ul>\n<li>Vegano<\/li>\n<li>Sin gluten<\/li>\n<li>Sin lactosa<\/li>\n<li>Sin OGM<\/li>\n<li>Fabricado seg\u00fan los estrictos est\u00e1ndares de calidad de la UE.<\/li>\n<\/ul>\n","protected":false},"excerpt":{"rendered":"<p>La L-teanina es un amino\u00e1cido natural que se encuentra en las hojas del t\u00e9 verde. La investigaci\u00f3n se centra en los posibles efectos de la L-teanina sobre las funciones cognitivas y las reacciones al estr\u00e9s. La presentaci\u00f3n en c\u00e1psulas te permite tomar este extracto vegetal sin tener que recurrir al consumo habitual de t\u00e9 verde [&hellip;]<\/p>\n","protected":false},"featured_media":58187,"template":"","meta":{"_acf_changed":false},"product_brand":[10219],"product_cat":[350,363],"product_tag":[],"class_list":{"0":"post-66170","1":"product","2":"type-product","3":"status-publish","4":"has-post-thumbnail","6":"product_brand-vit4ever-es","7":"product_cat-nutrientes","8":"product_cat-productos-de-a-z","10":"first","11":"instock","12":"taxable","13":"shipping-taxable","14":"purchasable","15":"product-type-simple"},"acf":[],"_links":{"self":[{"href":"https:\/\/vitalstoffversand.com\/es\/wp-json\/wp\/v2\/product\/66170","targetHints":{"allow":["GET"]}}],"collection":[{"href":"https:\/\/vitalstoffversand.com\/es\/wp-json\/wp\/v2\/product"}],"about":[{"href":"https:\/\/vitalstoffversand.com\/es\/wp-json\/wp\/v2\/types\/product"}],"wp:featuredmedia":[{"embeddable":true,"href":"https:\/\/vitalstoffversand.com\/es\/wp-json\/wp\/v2\/media\/58187"}],"wp:attachment":[{"href":"https:\/\/vitalstoffversand.com\/es\/wp-json\/wp\/v2\/media?parent=66170"}],"wp:term":[{"taxonomy":"product_brand","embeddable":true,"href":"https:\/\/vitalstoffversand.com\/es\/wp-json\/wp\/v2\/product_brand?post=66170"},{"taxonomy":"product_cat","embeddable":true,"href":"https:\/\/vitalstoffversand.com\/es\/wp-json\/wp\/v2\/product_cat?post=66170"},{"taxonomy":"product_tag","embeddable":true,"href":"https:\/\/vitalstoffversand.com\/es\/wp-json\/wp\/v2\/product_tag?post=66170"}],"curies":[{"name":"wp","href":"https:\/\/api.w.org\/{rel}","templated":true}]}}