{"id":66122,"date":"2025-06-11T16:55:17","date_gmt":"2025-06-11T14:55:17","guid":{"rendered":"https:\/\/vitalstoffversand.com\/produkt\/vit4ever-taurina-en-polvo-1000-g\/"},"modified":"2025-06-11T16:55:17","modified_gmt":"2025-06-11T14:55:17","slug":"vit4ever-taurina-en-polvo-1000-g","status":"publish","type":"product","link":"https:\/\/vitalstoffversand.com\/es\/producto\/vit4ever-taurina-en-polvo-1000-g\/","title":{"rendered":"Vit4ever <br>Taurina en polvo &#8211; 1000 g"},"content":{"rendered":"<p>La taurina desempe\u00f1a un papel importante en nuestro organismo y es esencial para diversos procesos biol\u00f3gicos.<\/p>\n<p>Muchos conocen la taurina sobre todo por las bebidas energ\u00e9ticas, pero tambi\u00e9n se encuentra de forma natural en los alimentos de origen animal, por lo que, en particular, los vegetarianos y los veganos pueden tener dificultades para obtener una cantidad suficiente de taurina a trav\u00e9s de la alimentaci\u00f3n.<\/p>\n<ul>\n<li>Vegano<\/li>\n<li>Sin gluten<\/li>\n<li>Sin lactosa<\/li>\n<li>Sin OGM<\/li>\n<li>Fabricado seg\u00fan los estrictos est\u00e1ndares de calidad de la UE.<\/li>\n<\/ul>\n","protected":false},"excerpt":{"rendered":"<p>La taurina desempe\u00f1a un papel importante en nuestro organismo y es esencial para diversos procesos biol\u00f3gicos. Muchos conocen la taurina sobre todo por las bebidas energ\u00e9ticas, pero tambi\u00e9n se encuentra de forma natural en los alimentos de origen animal, por lo que, en particular, los vegetarianos y los veganos pueden tener dificultades para obtener una [&hellip;]<\/p>\n","protected":false},"featured_media":66117,"template":"","meta":{"_acf_changed":false},"product_brand":[10219],"product_cat":[350,363],"product_tag":[],"class_list":{"0":"post-66122","1":"product","2":"type-product","3":"status-publish","4":"has-post-thumbnail","6":"product_brand-vit4ever-es","7":"product_cat-nutrientes","8":"product_cat-productos-de-a-z","10":"first","11":"instock","12":"taxable","13":"shipping-taxable","14":"purchasable","15":"product-type-simple"},"acf":[],"_links":{"self":[{"href":"https:\/\/vitalstoffversand.com\/es\/wp-json\/wp\/v2\/product\/66122","targetHints":{"allow":["GET"]}}],"collection":[{"href":"https:\/\/vitalstoffversand.com\/es\/wp-json\/wp\/v2\/product"}],"about":[{"href":"https:\/\/vitalstoffversand.com\/es\/wp-json\/wp\/v2\/types\/product"}],"wp:featuredmedia":[{"embeddable":true,"href":"https:\/\/vitalstoffversand.com\/es\/wp-json\/wp\/v2\/media\/66117"}],"wp:attachment":[{"href":"https:\/\/vitalstoffversand.com\/es\/wp-json\/wp\/v2\/media?parent=66122"}],"wp:term":[{"taxonomy":"product_brand","embeddable":true,"href":"https:\/\/vitalstoffversand.com\/es\/wp-json\/wp\/v2\/product_brand?post=66122"},{"taxonomy":"product_cat","embeddable":true,"href":"https:\/\/vitalstoffversand.com\/es\/wp-json\/wp\/v2\/product_cat?post=66122"},{"taxonomy":"product_tag","embeddable":true,"href":"https:\/\/vitalstoffversand.com\/es\/wp-json\/wp\/v2\/product_tag?post=66122"}],"curies":[{"name":"wp","href":"https:\/\/api.w.org\/{rel}","templated":true}]}}