{"id":66078,"date":"2025-04-15T16:01:48","date_gmt":"2025-04-15T14:01:48","guid":{"rendered":"https:\/\/vitalstoffversand.com\/produkt\/vit4ever-peptidos-de-colageno-300-capsulas\/"},"modified":"2025-04-15T16:01:48","modified_gmt":"2025-04-15T14:01:48","slug":"vit4ever-peptidos-de-colageno-300-capsulas","status":"publish","type":"product","link":"https:\/\/vitalstoffversand.com\/es\/producto\/vit4ever-peptidos-de-colageno-300-capsulas\/","title":{"rendered":"Vit4ever <br>P\u00e9ptidos de col\u00e1geno &#8211; 300 c\u00e1psulas"},"content":{"rendered":"<p>El col\u00e1geno es uno de los componentes fundamentales de nuestro organismo para la piel, las articulaciones, los huesos y el tejido conjuntivo.<\/p>\n<p>Con la edad, la producci\u00f3n natural de col\u00e1geno del organismo disminuye, por lo que puede ser recomendable tomarlo como complemento.<\/p>\n<ul>\n<li>Sin gluten<\/li>\n<li>Sin lactosa<\/li>\n<li>Sin OGM<\/li>\n<li>Fabricado seg\u00fan los estrictos est\u00e1ndares de calidad de la UE.<\/li>\n<\/ul>\n","protected":false},"excerpt":{"rendered":"<p>El col\u00e1geno es uno de los componentes fundamentales de nuestro organismo para la piel, las articulaciones, los huesos y el tejido conjuntivo. Con la edad, la producci\u00f3n natural de col\u00e1geno del organismo disminuye, por lo que puede ser recomendable tomarlo como complemento. Sin gluten Sin lactosa Sin OGM Fabricado seg\u00fan los estrictos est\u00e1ndares de calidad [&hellip;]<\/p>\n","protected":false},"featured_media":58067,"template":"","meta":{"_acf_changed":false},"product_brand":[10219],"product_cat":[334,363],"product_tag":[],"class_list":{"0":"post-66078","1":"product","2":"type-product","3":"status-publish","4":"has-post-thumbnail","6":"product_brand-vit4ever-es","7":"product_cat-aminoacidos","8":"product_cat-productos-de-a-z","10":"first","11":"instock","12":"taxable","13":"shipping-taxable","14":"purchasable","15":"product-type-simple"},"acf":[],"_links":{"self":[{"href":"https:\/\/vitalstoffversand.com\/es\/wp-json\/wp\/v2\/product\/66078","targetHints":{"allow":["GET"]}}],"collection":[{"href":"https:\/\/vitalstoffversand.com\/es\/wp-json\/wp\/v2\/product"}],"about":[{"href":"https:\/\/vitalstoffversand.com\/es\/wp-json\/wp\/v2\/types\/product"}],"wp:featuredmedia":[{"embeddable":true,"href":"https:\/\/vitalstoffversand.com\/es\/wp-json\/wp\/v2\/media\/58067"}],"wp:attachment":[{"href":"https:\/\/vitalstoffversand.com\/es\/wp-json\/wp\/v2\/media?parent=66078"}],"wp:term":[{"taxonomy":"product_brand","embeddable":true,"href":"https:\/\/vitalstoffversand.com\/es\/wp-json\/wp\/v2\/product_brand?post=66078"},{"taxonomy":"product_cat","embeddable":true,"href":"https:\/\/vitalstoffversand.com\/es\/wp-json\/wp\/v2\/product_cat?post=66078"},{"taxonomy":"product_tag","embeddable":true,"href":"https:\/\/vitalstoffversand.com\/es\/wp-json\/wp\/v2\/product_tag?post=66078"}],"curies":[{"name":"wp","href":"https:\/\/api.w.org\/{rel}","templated":true}]}}