{"id":66077,"date":"2025-06-11T16:53:18","date_gmt":"2025-06-11T14:53:18","guid":{"rendered":"https:\/\/vitalstoffversand.com\/produkt\/vit4ever-complejo-de-vitamina-c-300-capsulas\/"},"modified":"2025-06-11T16:53:18","modified_gmt":"2025-06-11T14:53:18","slug":"vit4ever-complejo-de-vitamina-c-300-capsulas","status":"publish","type":"product","link":"https:\/\/vitalstoffversand.com\/es\/producto\/vit4ever-complejo-de-vitamina-c-300-capsulas\/","title":{"rendered":"Vit4ever <br>Complejo de vitamina C &#8211; 300 c\u00e1psulas"},"content":{"rendered":"<p>Complejo natural de <span style=\"color: #0000ff;\"><strong><a href=\"https:\/\/vitalstoffversand.com\/knowledge-base\/vitamin-c\/\" target=\"_blank\" rel=\"noopener\">vitamina C<\/a><\/strong><\/span> a base de extracto de acerola y extracto de escaramujo.<\/p>\n<p>Adem\u00e1s de muchas otras funciones, la vitamina C refuerza el sistema inmunitario, reduce el cansancio y protege las c\u00e9lulas del estr\u00e9s oxidativo.<\/p>\n<ul>\n<li>Vegano<\/li>\n<li>Sin gluten<\/li>\n<li>Sin lactosa<\/li>\n<li>Sin OGM<\/li>\n<li>Fabricado seg\u00fan los estrictos est\u00e1ndares de calidad de la UE.<\/li>\n<\/ul>\n","protected":false},"excerpt":{"rendered":"<p>Complejo natural de vitamina C a base de extracto de acerola y extracto de escaramujo. Adem\u00e1s de muchas otras funciones, la vitamina C refuerza el sistema inmunitario, reduce el cansancio y protege las c\u00e9lulas del estr\u00e9s oxidativo. Vegano Sin gluten Sin lactosa Sin OGM Fabricado seg\u00fan los estrictos est\u00e1ndares de calidad de la UE.<\/p>\n","protected":false},"featured_media":58027,"template":"","meta":{"_acf_changed":false},"product_brand":[10219],"product_cat":[310,363],"product_tag":[],"class_list":{"0":"post-66077","1":"product","2":"type-product","3":"status-publish","4":"has-post-thumbnail","6":"product_brand-vit4ever-es","7":"product_cat-vitaminas","8":"product_cat-productos-de-a-z","10":"first","11":"instock","12":"taxable","13":"shipping-taxable","14":"purchasable","15":"product-type-simple"},"acf":[],"_links":{"self":[{"href":"https:\/\/vitalstoffversand.com\/es\/wp-json\/wp\/v2\/product\/66077","targetHints":{"allow":["GET"]}}],"collection":[{"href":"https:\/\/vitalstoffversand.com\/es\/wp-json\/wp\/v2\/product"}],"about":[{"href":"https:\/\/vitalstoffversand.com\/es\/wp-json\/wp\/v2\/types\/product"}],"wp:featuredmedia":[{"embeddable":true,"href":"https:\/\/vitalstoffversand.com\/es\/wp-json\/wp\/v2\/media\/58027"}],"wp:attachment":[{"href":"https:\/\/vitalstoffversand.com\/es\/wp-json\/wp\/v2\/media?parent=66077"}],"wp:term":[{"taxonomy":"product_brand","embeddable":true,"href":"https:\/\/vitalstoffversand.com\/es\/wp-json\/wp\/v2\/product_brand?post=66077"},{"taxonomy":"product_cat","embeddable":true,"href":"https:\/\/vitalstoffversand.com\/es\/wp-json\/wp\/v2\/product_cat?post=66077"},{"taxonomy":"product_tag","embeddable":true,"href":"https:\/\/vitalstoffversand.com\/es\/wp-json\/wp\/v2\/product_tag?post=66077"}],"curies":[{"name":"wp","href":"https:\/\/api.w.org\/{rel}","templated":true}]}}