{"id":66057,"date":"2025-09-01T18:47:51","date_gmt":"2025-09-01T16:47:51","guid":{"rendered":"https:\/\/vitalstoffversand.com\/produkt\/vit4ever-bromelain-intenso-7500-f-i-p-120-capsulas\/"},"modified":"2025-09-01T18:47:51","modified_gmt":"2025-09-01T16:47:51","slug":"vit4ever-bromelain-intenso-7500-f-i-p-120-capsulas","status":"publish","type":"product","link":"https:\/\/vitalstoffversand.com\/es\/producto\/vit4ever-bromelain-intenso-7500-f-i-p-120-capsulas\/","title":{"rendered":"Vit4ever <br>Bromelain Intenso 7500 F.I.P. &#8211; 120 c\u00e1psulas"},"content":{"rendered":"<p>Bromelina Intenso con 7500 F.I.P. (Federaci\u00f3n Farmac\u00e9utica Internacional = unidad de medida de la actividad enzim\u00e1tica).<\/p>\n<p>La sustancia obtenida de la planta de la pi\u00f1a se compone de dos enzimas.<\/p>\n<p>La bromelina tambi\u00e9n se utiliza como medicamento a base de plantas para tratar la inflamaci\u00f3n tras lesiones y operaciones.<\/p>\n<p>Adem\u00e1s, tiene propiedades antiinflamatorias y digestivas.<\/p>\n<p>Las c\u00e1psulas tienen un recubrimiento ent\u00e9rico para que el principio activo s\u00f3lo se libere all\u00ed donde pueda absorberse.<\/p>\n<ul>\n<li>Vegano<\/li>\n<li>Sin gluten<\/li>\n<li>Sin lactosa<\/li>\n<li>Sin OGM<\/li>\n<li>Fabricado seg\u00fan los estrictos est\u00e1ndares de calidad de la UE.<\/li>\n<\/ul>\n","protected":false},"excerpt":{"rendered":"<p>Bromelina Intenso con 7500 F.I.P. (Federaci\u00f3n Farmac\u00e9utica Internacional = unidad de medida de la actividad enzim\u00e1tica). La sustancia obtenida de la planta de la pi\u00f1a se compone de dos enzimas. La bromelina tambi\u00e9n se utiliza como medicamento a base de plantas para tratar la inflamaci\u00f3n tras lesiones y operaciones. Adem\u00e1s, tiene propiedades antiinflamatorias y digestivas. [&hellip;]<\/p>\n","protected":false},"featured_media":57907,"template":"","meta":{"_acf_changed":false},"product_brand":[10219],"product_cat":[350,363],"product_tag":[],"class_list":{"0":"post-66057","1":"product","2":"type-product","3":"status-publish","4":"has-post-thumbnail","6":"product_brand-vit4ever-es","7":"product_cat-nutrientes","8":"product_cat-productos-de-a-z","10":"first","11":"outofstock","12":"taxable","13":"shipping-taxable","14":"purchasable","15":"product-type-simple"},"acf":[],"_links":{"self":[{"href":"https:\/\/vitalstoffversand.com\/es\/wp-json\/wp\/v2\/product\/66057","targetHints":{"allow":["GET"]}}],"collection":[{"href":"https:\/\/vitalstoffversand.com\/es\/wp-json\/wp\/v2\/product"}],"about":[{"href":"https:\/\/vitalstoffversand.com\/es\/wp-json\/wp\/v2\/types\/product"}],"wp:featuredmedia":[{"embeddable":true,"href":"https:\/\/vitalstoffversand.com\/es\/wp-json\/wp\/v2\/media\/57907"}],"wp:attachment":[{"href":"https:\/\/vitalstoffversand.com\/es\/wp-json\/wp\/v2\/media?parent=66057"}],"wp:term":[{"taxonomy":"product_brand","embeddable":true,"href":"https:\/\/vitalstoffversand.com\/es\/wp-json\/wp\/v2\/product_brand?post=66057"},{"taxonomy":"product_cat","embeddable":true,"href":"https:\/\/vitalstoffversand.com\/es\/wp-json\/wp\/v2\/product_cat?post=66057"},{"taxonomy":"product_tag","embeddable":true,"href":"https:\/\/vitalstoffversand.com\/es\/wp-json\/wp\/v2\/product_tag?post=66057"}],"curies":[{"name":"wp","href":"https:\/\/api.w.org\/{rel}","templated":true}]}}