{"id":66015,"date":"2025-06-11T16:49:55","date_gmt":"2025-06-11T14:49:55","guid":{"rendered":"https:\/\/vitalstoffversand.com\/produkt\/vit4ever-l-lisina-hcl-en-polvo-500-g\/"},"modified":"2025-06-11T16:49:55","modified_gmt":"2025-06-11T14:49:55","slug":"vit4ever-l-lisina-hcl-en-polvo-500-g","status":"publish","type":"product","link":"https:\/\/vitalstoffversand.com\/es\/producto\/vit4ever-l-lisina-hcl-en-polvo-500-g\/","title":{"rendered":"Vit4ever <br>L-lisina HCl en polvo &#8211; 500 g"},"content":{"rendered":"<p>La L-lisina es un amino\u00e1cido esencial que debemos obtener a trav\u00e9s de la alimentaci\u00f3n.<\/p>\n<p>Especialmente en el caso de las dietas vegetarianas, no siempre se garantiza un aporte suficiente de lisina al organismo.<\/p>\n<p>Adem\u00e1s, contiene una peque\u00f1a cantidad de <span style=\"color: #0000ff;\"><strong><a href=\"https:\/\/vitalstoffversand.com\/knowledge-base\/vitamin-b6\/\" target=\"_blank\" rel=\"noopener\">\u2192 vitamina B6<\/a><\/strong><\/span>, que contribuye al funcionamiento normal del sistema inmunitario y a reducir el cansancio y la fatiga.<\/p>\n<ul>\n<li>Vegano<\/li>\n<li>Sin gluten<\/li>\n<li>Sin lactosa<\/li>\n<li>Sin OGM<\/li>\n<li>Fabricado seg\u00fan los estrictos est\u00e1ndares de calidad de la UE.<\/li>\n<\/ul>\n","protected":false},"excerpt":{"rendered":"<p>La L-lisina es un amino\u00e1cido esencial que debemos obtener a trav\u00e9s de la alimentaci\u00f3n. Especialmente en el caso de las dietas vegetarianas, no siempre se garantiza un aporte suficiente de lisina al organismo. Adem\u00e1s, contiene una peque\u00f1a cantidad de \u2192 vitamina B6, que contribuye al funcionamiento normal del sistema inmunitario y a reducir el cansancio [&hellip;]<\/p>\n","protected":false},"featured_media":57867,"template":"","meta":{"_acf_changed":false},"product_brand":[10219],"product_cat":[334,363],"product_tag":[],"class_list":{"0":"post-66015","1":"product","2":"type-product","3":"status-publish","4":"has-post-thumbnail","6":"product_brand-vit4ever-es","7":"product_cat-aminoacidos","8":"product_cat-productos-de-a-z","10":"first","11":"instock","12":"taxable","13":"shipping-taxable","14":"purchasable","15":"product-type-simple"},"acf":[],"_links":{"self":[{"href":"https:\/\/vitalstoffversand.com\/es\/wp-json\/wp\/v2\/product\/66015","targetHints":{"allow":["GET"]}}],"collection":[{"href":"https:\/\/vitalstoffversand.com\/es\/wp-json\/wp\/v2\/product"}],"about":[{"href":"https:\/\/vitalstoffversand.com\/es\/wp-json\/wp\/v2\/types\/product"}],"wp:featuredmedia":[{"embeddable":true,"href":"https:\/\/vitalstoffversand.com\/es\/wp-json\/wp\/v2\/media\/57867"}],"wp:attachment":[{"href":"https:\/\/vitalstoffversand.com\/es\/wp-json\/wp\/v2\/media?parent=66015"}],"wp:term":[{"taxonomy":"product_brand","embeddable":true,"href":"https:\/\/vitalstoffversand.com\/es\/wp-json\/wp\/v2\/product_brand?post=66015"},{"taxonomy":"product_cat","embeddable":true,"href":"https:\/\/vitalstoffversand.com\/es\/wp-json\/wp\/v2\/product_cat?post=66015"},{"taxonomy":"product_tag","embeddable":true,"href":"https:\/\/vitalstoffversand.com\/es\/wp-json\/wp\/v2\/product_tag?post=66015"}],"curies":[{"name":"wp","href":"https:\/\/api.w.org\/{rel}","templated":true}]}}