{"id":65960,"date":"2025-04-08T11:28:49","date_gmt":"2025-04-08T09:28:49","guid":{"rendered":"https:\/\/vitalstoffversand.com\/produkt\/vit4ever-yummy-whey-diferentes-variedades\/"},"modified":"2026-03-16T18:07:57","modified_gmt":"2026-03-16T17:07:57","slug":"vit4ever-yummy-whey-diferentes-variedades","status":"publish","type":"product","link":"https:\/\/vitalstoffversand.com\/es\/producto\/vit4ever-yummy-whey-diferentes-variedades\/","title":{"rendered":"Vit4ever <br>Yummy Whey: diferentes sabores"},"content":{"rendered":"<p>Yummy Whey es un batido de prote\u00ednas con un sabor especial.<\/p>\n<p>En bolsa de 908 gramos, o en bolsitas individuales de 30 gramos, si prefieres probarlo primero.<\/p>\n<p>Con sus diferentes sabores, esta prote\u00edna en polvo es ideal tanto para tomar con agua o leche como para a\u00f1adir a muesli, batidos, pasteles o postres.<\/p>\n<p>Prote\u00edna de marca de alta calidad con un contenido m\u00ednimo de prote\u00edna del 65 %, seg\u00fan el sabor, y un perfil natural de amino\u00e1cidos.<\/p>\n<p>El polvo es perfectamente soluble, bajo en az\u00facares y grasas y enriquecido con lactasa, por lo que es apto para personas con intolerancia a la lactosa.<\/p>\n<ul>\n<li>Fabricado seg\u00fan los estrictos est\u00e1ndares de calidad de la UE.<\/li>\n<\/ul>\n","protected":false},"excerpt":{"rendered":"<p>Yummy Whey es un batido de prote\u00ednas con un sabor especial. En bolsa de 908 gramos, o en bolsitas individuales de 30 gramos, si prefieres probarlo primero. Con sus diferentes sabores, esta prote\u00edna en polvo es ideal tanto para tomar con agua o leche como para a\u00f1adir a muesli, batidos, pasteles o postres. Prote\u00edna de [&hellip;]<\/p>\n","protected":false},"featured_media":65932,"template":"","meta":{"_acf_changed":false},"product_brand":[10219],"product_cat":[343,363],"product_tag":[],"class_list":{"0":"post-65960","1":"product","2":"type-product","3":"status-publish","4":"has-post-thumbnail","6":"product_brand-vit4ever-es","7":"product_cat-proteinas","8":"product_cat-productos-de-a-z","10":"first","11":"instock","12":"taxable","13":"shipping-taxable","14":"purchasable","15":"product-type-variable"},"acf":[],"_links":{"self":[{"href":"https:\/\/vitalstoffversand.com\/es\/wp-json\/wp\/v2\/product\/65960","targetHints":{"allow":["GET"]}}],"collection":[{"href":"https:\/\/vitalstoffversand.com\/es\/wp-json\/wp\/v2\/product"}],"about":[{"href":"https:\/\/vitalstoffversand.com\/es\/wp-json\/wp\/v2\/types\/product"}],"wp:featuredmedia":[{"embeddable":true,"href":"https:\/\/vitalstoffversand.com\/es\/wp-json\/wp\/v2\/media\/65932"}],"wp:attachment":[{"href":"https:\/\/vitalstoffversand.com\/es\/wp-json\/wp\/v2\/media?parent=65960"}],"wp:term":[{"taxonomy":"product_brand","embeddable":true,"href":"https:\/\/vitalstoffversand.com\/es\/wp-json\/wp\/v2\/product_brand?post=65960"},{"taxonomy":"product_cat","embeddable":true,"href":"https:\/\/vitalstoffversand.com\/es\/wp-json\/wp\/v2\/product_cat?post=65960"},{"taxonomy":"product_tag","embeddable":true,"href":"https:\/\/vitalstoffversand.com\/es\/wp-json\/wp\/v2\/product_tag?post=65960"}],"curies":[{"name":"wp","href":"https:\/\/api.w.org\/{rel}","templated":true}]}}