{"id":65855,"date":"2025-04-07T14:03:09","date_gmt":"2025-04-07T12:03:09","guid":{"rendered":"https:\/\/vitalstoffversand.com\/produkt\/vit4ever-peptidos-de-colageno-300-comprimidos\/"},"modified":"2025-04-07T14:03:09","modified_gmt":"2025-04-07T12:03:09","slug":"vit4ever-peptidos-de-colageno-300-comprimidos","status":"publish","type":"product","link":"https:\/\/vitalstoffversand.com\/es\/producto\/vit4ever-peptidos-de-colageno-300-comprimidos\/","title":{"rendered":"Vit4ever <br>P\u00e9ptidos de col\u00e1geno &#8211; 300 comprimidos"},"content":{"rendered":"<p>Los p\u00e9ptidos de col\u00e1geno se obtienen a partir de col\u00e1geno bovino de alta calidad.<\/p>\n<p>El col\u00e1geno bovino contiene glicina, prolina e hidroxiprolina y tiene una elevada biodisponibilidad.<\/p>\n<p>La forma de dosificaci\u00f3n del comprimido ins\u00edpido ofrece la ventaja de ser relativamente f\u00e1cil de transportar, lo que hace que este producto sea ideal para viajar.<\/p>\n<p>Adem\u00e1s, las pastillas pueden dosificarse f\u00e1cilmente sin tener que medir.<\/p>\n<ul>\n<li>Sin gluten<\/li>\n<li>Sin lactosa<\/li>\n<li>Sin OGM<\/li>\n<li>Fabricado seg\u00fan los estrictos est\u00e1ndares de calidad de la UE.<\/li>\n<\/ul>\n","protected":false},"excerpt":{"rendered":"<p>Los p\u00e9ptidos de col\u00e1geno se obtienen a partir de col\u00e1geno bovino de alta calidad. El col\u00e1geno bovino contiene glicina, prolina e hidroxiprolina y tiene una elevada biodisponibilidad. La forma de dosificaci\u00f3n del comprimido ins\u00edpido ofrece la ventaja de ser relativamente f\u00e1cil de transportar, lo que hace que este producto sea ideal para viajar. Adem\u00e1s, las [&hellip;]<\/p>\n","protected":false},"featured_media":56987,"template":"","meta":{"_acf_changed":false},"product_brand":[10219],"product_cat":[343,363],"product_tag":[],"class_list":{"0":"post-65855","1":"product","2":"type-product","3":"status-publish","4":"has-post-thumbnail","6":"product_brand-vit4ever-es","7":"product_cat-proteinas","8":"product_cat-productos-de-a-z","10":"first","11":"instock","12":"taxable","13":"shipping-taxable","14":"purchasable","15":"product-type-simple"},"acf":[],"_links":{"self":[{"href":"https:\/\/vitalstoffversand.com\/es\/wp-json\/wp\/v2\/product\/65855","targetHints":{"allow":["GET"]}}],"collection":[{"href":"https:\/\/vitalstoffversand.com\/es\/wp-json\/wp\/v2\/product"}],"about":[{"href":"https:\/\/vitalstoffversand.com\/es\/wp-json\/wp\/v2\/types\/product"}],"wp:featuredmedia":[{"embeddable":true,"href":"https:\/\/vitalstoffversand.com\/es\/wp-json\/wp\/v2\/media\/56987"}],"wp:attachment":[{"href":"https:\/\/vitalstoffversand.com\/es\/wp-json\/wp\/v2\/media?parent=65855"}],"wp:term":[{"taxonomy":"product_brand","embeddable":true,"href":"https:\/\/vitalstoffversand.com\/es\/wp-json\/wp\/v2\/product_brand?post=65855"},{"taxonomy":"product_cat","embeddable":true,"href":"https:\/\/vitalstoffversand.com\/es\/wp-json\/wp\/v2\/product_cat?post=65855"},{"taxonomy":"product_tag","embeddable":true,"href":"https:\/\/vitalstoffversand.com\/es\/wp-json\/wp\/v2\/product_tag?post=65855"}],"curies":[{"name":"wp","href":"https:\/\/api.w.org\/{rel}","templated":true}]}}