{"id":65846,"date":"2025-09-01T18:56:57","date_gmt":"2025-09-01T16:56:57","guid":{"rendered":"https:\/\/vitalstoffversand.com\/produkt\/vit4ever-name-silvestre-365-capsulas\/"},"modified":"2026-03-21T15:54:07","modified_gmt":"2026-03-21T14:54:07","slug":"vit4ever-name-silvestre-365-capsulas","status":"publish","type":"product","link":"https:\/\/vitalstoffversand.com\/es\/producto\/vit4ever-name-silvestre-365-capsulas\/","title":{"rendered":"Vit4ever <br>\u00d1ame silvestre &#8211; 365 c\u00e1psulas"},"content":{"rendered":"<p>La diosgenina, el principio activo presente en el \u00f1ame silvestre, es muy similar a la hormona femenina progesterona, por lo que se utiliza con frecuencia con fines terap\u00e9uticos.<\/p>\n<p>Adem\u00e1s, la diosgenina es capaz de estimular la liberaci\u00f3n de DHEA (dehidroepiandrosterona) por parte del organismo.<\/p>\n<ul>\n<li>Vegano<\/li>\n<li>Sin gluten<\/li>\n<li>Sin lactosa<\/li>\n<li>Sin OGM<\/li>\n<li>Fabricado seg\u00fan los estrictos est\u00e1ndares de calidad de la UE.<\/li>\n<\/ul>\n","protected":false},"excerpt":{"rendered":"<p>La diosgenina, el principio activo presente en el \u00f1ame silvestre, es muy similar a la hormona femenina progesterona, por lo que se utiliza con frecuencia con fines terap\u00e9uticos. Adem\u00e1s, la diosgenina es capaz de estimular la liberaci\u00f3n de DHEA (dehidroepiandrosterona) por parte del organismo. Vegano Sin gluten Sin lactosa Sin OGM Fabricado seg\u00fan los estrictos [&hellip;]<\/p>\n","protected":false},"featured_media":56643,"template":"","meta":{"_acf_changed":false},"product_brand":[10219],"product_cat":[350,363],"product_tag":[],"class_list":{"0":"post-65846","1":"product","2":"type-product","3":"status-publish","4":"has-post-thumbnail","6":"product_brand-vit4ever-es","7":"product_cat-nutrientes","8":"product_cat-productos-de-a-z","10":"first","11":"instock","12":"taxable","13":"shipping-taxable","14":"purchasable","15":"product-type-simple"},"acf":[],"_links":{"self":[{"href":"https:\/\/vitalstoffversand.com\/es\/wp-json\/wp\/v2\/product\/65846","targetHints":{"allow":["GET"]}}],"collection":[{"href":"https:\/\/vitalstoffversand.com\/es\/wp-json\/wp\/v2\/product"}],"about":[{"href":"https:\/\/vitalstoffversand.com\/es\/wp-json\/wp\/v2\/types\/product"}],"wp:featuredmedia":[{"embeddable":true,"href":"https:\/\/vitalstoffversand.com\/es\/wp-json\/wp\/v2\/media\/56643"}],"wp:attachment":[{"href":"https:\/\/vitalstoffversand.com\/es\/wp-json\/wp\/v2\/media?parent=65846"}],"wp:term":[{"taxonomy":"product_brand","embeddable":true,"href":"https:\/\/vitalstoffversand.com\/es\/wp-json\/wp\/v2\/product_brand?post=65846"},{"taxonomy":"product_cat","embeddable":true,"href":"https:\/\/vitalstoffversand.com\/es\/wp-json\/wp\/v2\/product_cat?post=65846"},{"taxonomy":"product_tag","embeddable":true,"href":"https:\/\/vitalstoffversand.com\/es\/wp-json\/wp\/v2\/product_tag?post=65846"}],"curies":[{"name":"wp","href":"https:\/\/api.w.org\/{rel}","templated":true}]}}