{"id":65837,"date":"2025-09-01T18:49:14","date_gmt":"2025-09-01T16:49:14","guid":{"rendered":"https:\/\/vitalstoffversand.com\/produkt\/vit4ever-complejo-de-electrolitos-600-comprimidos\/"},"modified":"2026-03-21T15:55:01","modified_gmt":"2026-03-21T14:55:01","slug":"vit4ever-complejo-de-electrolitos-600-comprimidos","status":"publish","type":"product","link":"https:\/\/vitalstoffversand.com\/es\/producto\/vit4ever-complejo-de-electrolitos-600-comprimidos\/","title":{"rendered":"Vit4ever <br>Complejo de electrolitos &#8211; 600 comprimidos"},"content":{"rendered":"<p>Electrolyte Complex es una forma sencilla de mantener el equilibrio electrol\u00edtico y garantizar una buena hidrataci\u00f3n.<\/p>\n<p>Tanto si practica deporte como si es un entusiasta del fitness, un trabajador f\u00edsico o simplemente le preocupa su salud.<br \/>\nCon las pastillas de electrolitos f\u00e1ciles de llevar y tomar, estar\u00e1s preparado para cualquier situaci\u00f3n.<\/p>\n<ul>\n<li>Vegano<\/li>\n<li>Sin gluten<\/li>\n<li>Sin lactosa<\/li>\n<li>Sin OGM<\/li>\n<li>Fabricado seg\u00fan los estrictos est\u00e1ndares de calidad de la UE.<\/li>\n<\/ul>\n","protected":false},"excerpt":{"rendered":"<p>Electrolyte Complex es una forma sencilla de mantener el equilibrio electrol\u00edtico y garantizar una buena hidrataci\u00f3n. Tanto si practica deporte como si es un entusiasta del fitness, un trabajador f\u00edsico o simplemente le preocupa su salud. Con las pastillas de electrolitos f\u00e1ciles de llevar y tomar, estar\u00e1s preparado para cualquier situaci\u00f3n. Vegano Sin gluten Sin [&hellip;]<\/p>\n","protected":false},"featured_media":56283,"template":"","meta":{"_acf_changed":false},"product_brand":[10219],"product_cat":[342,363],"product_tag":[],"class_list":{"0":"post-65837","1":"product","2":"type-product","3":"status-publish","4":"has-post-thumbnail","6":"product_brand-vit4ever-es","7":"product_cat-minerales-y-oligoelementos","8":"product_cat-productos-de-a-z","10":"first","11":"instock","12":"taxable","13":"shipping-taxable","14":"purchasable","15":"product-type-simple"},"acf":[],"_links":{"self":[{"href":"https:\/\/vitalstoffversand.com\/es\/wp-json\/wp\/v2\/product\/65837","targetHints":{"allow":["GET"]}}],"collection":[{"href":"https:\/\/vitalstoffversand.com\/es\/wp-json\/wp\/v2\/product"}],"about":[{"href":"https:\/\/vitalstoffversand.com\/es\/wp-json\/wp\/v2\/types\/product"}],"wp:featuredmedia":[{"embeddable":true,"href":"https:\/\/vitalstoffversand.com\/es\/wp-json\/wp\/v2\/media\/56283"}],"wp:attachment":[{"href":"https:\/\/vitalstoffversand.com\/es\/wp-json\/wp\/v2\/media?parent=65837"}],"wp:term":[{"taxonomy":"product_brand","embeddable":true,"href":"https:\/\/vitalstoffversand.com\/es\/wp-json\/wp\/v2\/product_brand?post=65837"},{"taxonomy":"product_cat","embeddable":true,"href":"https:\/\/vitalstoffversand.com\/es\/wp-json\/wp\/v2\/product_cat?post=65837"},{"taxonomy":"product_tag","embeddable":true,"href":"https:\/\/vitalstoffversand.com\/es\/wp-json\/wp\/v2\/product_tag?post=65837"}],"curies":[{"name":"wp","href":"https:\/\/api.w.org\/{rel}","templated":true}]}}