{"id":65819,"date":"2025-10-02T12:28:47","date_gmt":"2025-10-02T10:28:47","guid":{"rendered":"https:\/\/vitalstoffversand.com\/produkt\/vit4ever-electrolitos-en-polvo-400-g-varios-sabores\/"},"modified":"2025-10-02T12:28:47","modified_gmt":"2025-10-02T10:28:47","slug":"vit4ever-electrolitos-en-polvo-400-g-varios-sabores","status":"publish","type":"product","link":"https:\/\/vitalstoffversand.com\/es\/producto\/vit4ever-electrolitos-en-polvo-400-g-varios-sabores\/","title":{"rendered":"Vit4ever <br>Electrolitos en polvo &#8211; 400 g &#8211; diferentes sabores"},"content":{"rendered":"<p>Una buena reserva de Electrolyte Hydration Formula en polvo.<\/p>\n<p>Una forma sabrosa y eficaz para que los deportistas, los aficionados al fitness y cualquier otra persona optimicen su equilibrio h\u00eddrico y prevengan la deshidrataci\u00f3n.<\/p>\n<p>Tambi\u00e9n hay disponible un formato m\u00e1s peque\u00f1o: <a href=\"https:\/\/vitalstoffversand.com\/produkt\/vit4ever-elektrolyte-pulver-200g\/\">electrolitos en polvo, con un contenido de 200 g<\/a>.<\/p>\n<ul>\n<li>Vegano<\/li>\n<li>Sin gluten<\/li>\n<li>Sin lactosa<\/li>\n<li>Sin az\u00facar<\/li>\n<li>Sin OGM<\/li>\n<li>Fabricado seg\u00fan los estrictos est\u00e1ndares de calidad de la UE.<\/li>\n<\/ul>\n","protected":false},"excerpt":{"rendered":"<p>Una buena reserva de Electrolyte Hydration Formula en polvo. Una forma sabrosa y eficaz para que los deportistas, los aficionados al fitness y cualquier otra persona optimicen su equilibrio h\u00eddrico y prevengan la deshidrataci\u00f3n. Tambi\u00e9n hay disponible un formato m\u00e1s peque\u00f1o: electrolitos en polvo, con un contenido de 200 g. Vegano Sin gluten Sin lactosa [&hellip;]<\/p>\n","protected":false},"featured_media":56235,"template":"","meta":{"_acf_changed":false},"product_brand":[10219],"product_cat":[342,363],"product_tag":[],"class_list":{"0":"post-65819","1":"product","2":"type-product","3":"status-publish","4":"has-post-thumbnail","6":"product_brand-vit4ever-es","7":"product_cat-minerales-y-oligoelementos","8":"product_cat-productos-de-a-z","10":"first","11":"instock","12":"taxable","13":"shipping-taxable","14":"purchasable","15":"product-type-variable"},"acf":[],"_links":{"self":[{"href":"https:\/\/vitalstoffversand.com\/es\/wp-json\/wp\/v2\/product\/65819","targetHints":{"allow":["GET"]}}],"collection":[{"href":"https:\/\/vitalstoffversand.com\/es\/wp-json\/wp\/v2\/product"}],"about":[{"href":"https:\/\/vitalstoffversand.com\/es\/wp-json\/wp\/v2\/types\/product"}],"wp:featuredmedia":[{"embeddable":true,"href":"https:\/\/vitalstoffversand.com\/es\/wp-json\/wp\/v2\/media\/56235"}],"wp:attachment":[{"href":"https:\/\/vitalstoffversand.com\/es\/wp-json\/wp\/v2\/media?parent=65819"}],"wp:term":[{"taxonomy":"product_brand","embeddable":true,"href":"https:\/\/vitalstoffversand.com\/es\/wp-json\/wp\/v2\/product_brand?post=65819"},{"taxonomy":"product_cat","embeddable":true,"href":"https:\/\/vitalstoffversand.com\/es\/wp-json\/wp\/v2\/product_cat?post=65819"},{"taxonomy":"product_tag","embeddable":true,"href":"https:\/\/vitalstoffversand.com\/es\/wp-json\/wp\/v2\/product_tag?post=65819"}],"curies":[{"name":"wp","href":"https:\/\/api.w.org\/{rel}","templated":true}]}}