{"id":65810,"date":"2025-06-11T16:17:45","date_gmt":"2025-06-11T14:17:45","guid":{"rendered":"https:\/\/vitalstoffversand.com\/produkt\/vit4ever-glucomanano-raiz-de-konjac-240-capsulas\/"},"modified":"2025-06-11T16:17:45","modified_gmt":"2025-06-11T14:17:45","slug":"vit4ever-glucomanano-raiz-de-konjac-240-capsulas","status":"publish","type":"product","link":"https:\/\/vitalstoffversand.com\/es\/producto\/vit4ever-glucomanano-raiz-de-konjac-240-capsulas\/","title":{"rendered":"Vit4ever <br>Glucomanano (ra\u00edz de konjac) &#8211; 240 c\u00e1psulas"},"content":{"rendered":"<p><span style=\"color: #0000ff;\"><a href=\"https:\/\/vitalstoffversand.com\/knowledge-base\/glucomannan-konjak-mannan\/\" target=\"_blank\" rel=\"noopener\">\u2192 El glucomanano<\/a><\/span> (tambi\u00e9n conocido como manano de konjac) es una fibra diet\u00e9tica procedente de la ra\u00edz de konjac y, seg\u00fan estudios cient\u00edficos, act\u00faa como un aliado natural para la p\u00e9rdida de peso.<\/p>\n<p>Gracias a su gran capacidad de hincharse, aumenta el volumen en el est\u00f3mago y, por lo tanto, favorece la sensaci\u00f3n de saciedad.<\/p>\n<p>El producto se complementa con <span style=\"color: #0000ff;\"><strong><a href=\"https:\/\/vitalstoffversand.com\/knowledge-base\/chrom\/\" target=\"_blank\" rel=\"noopener\">\u2192 cromo<\/a><\/strong><\/span>, que favorece el metabolismo normal.<\/p>\n<ul>\n<li>Vegano<\/li>\n<li>Sin gluten<\/li>\n<li>Sin lactosa<\/li>\n<li>Sin OGM<\/li>\n<li>Fabricado seg\u00fan los estrictos est\u00e1ndares de calidad de la UE.<\/li>\n<\/ul>\n","protected":false},"excerpt":{"rendered":"<p>\u2192 El glucomanano (tambi\u00e9n conocido como manano de konjac) es una fibra diet\u00e9tica procedente de la ra\u00edz de konjac y, seg\u00fan estudios cient\u00edficos, act\u00faa como un aliado natural para la p\u00e9rdida de peso. Gracias a su gran capacidad de hincharse, aumenta el volumen en el est\u00f3mago y, por lo tanto, favorece la sensaci\u00f3n de saciedad. [&hellip;]<\/p>\n","protected":false},"featured_media":55835,"template":"","meta":{"_acf_changed":false},"product_brand":[10219],"product_cat":[350,363],"product_tag":[],"class_list":{"0":"post-65810","1":"product","2":"type-product","3":"status-publish","4":"has-post-thumbnail","6":"product_brand-vit4ever-es","7":"product_cat-nutrientes","8":"product_cat-productos-de-a-z","10":"first","11":"instock","12":"taxable","13":"shipping-taxable","14":"purchasable","15":"product-type-simple"},"acf":[],"_links":{"self":[{"href":"https:\/\/vitalstoffversand.com\/es\/wp-json\/wp\/v2\/product\/65810","targetHints":{"allow":["GET"]}}],"collection":[{"href":"https:\/\/vitalstoffversand.com\/es\/wp-json\/wp\/v2\/product"}],"about":[{"href":"https:\/\/vitalstoffversand.com\/es\/wp-json\/wp\/v2\/types\/product"}],"wp:featuredmedia":[{"embeddable":true,"href":"https:\/\/vitalstoffversand.com\/es\/wp-json\/wp\/v2\/media\/55835"}],"wp:attachment":[{"href":"https:\/\/vitalstoffversand.com\/es\/wp-json\/wp\/v2\/media?parent=65810"}],"wp:term":[{"taxonomy":"product_brand","embeddable":true,"href":"https:\/\/vitalstoffversand.com\/es\/wp-json\/wp\/v2\/product_brand?post=65810"},{"taxonomy":"product_cat","embeddable":true,"href":"https:\/\/vitalstoffversand.com\/es\/wp-json\/wp\/v2\/product_cat?post=65810"},{"taxonomy":"product_tag","embeddable":true,"href":"https:\/\/vitalstoffversand.com\/es\/wp-json\/wp\/v2\/product_tag?post=65810"}],"curies":[{"name":"wp","href":"https:\/\/api.w.org\/{rel}","templated":true}]}}