{"id":65788,"date":"2025-10-02T11:57:43","date_gmt":"2025-10-02T09:57:43","guid":{"rendered":"https:\/\/vitalstoffversand.com\/produkt\/vit4ever-silicio-365-capsulas\/"},"modified":"2026-03-21T15:53:21","modified_gmt":"2026-03-21T14:53:21","slug":"vit4ever-silicio-365-capsulas","status":"publish","type":"product","link":"https:\/\/vitalstoffversand.com\/es\/producto\/vit4ever-silicio-365-capsulas\/","title":{"rendered":"Vit4ever <br>Silicio &#8211; 365 c\u00e1psulas"},"content":{"rendered":"<p>El silicio de Vit4ever te aporta silicio org\u00e1nico de alta calidad procedente de brotes de bamb\u00fa, una fuente vegetal y, al mismo tiempo, una de las m\u00e1s ricas en este mineral.<\/p>\n<p>Ideal para todos aquellos que deseen cuidar de forma integral la piel, el cabello, las u\u00f1as y el tejido conjuntivo.<\/p>\n<ul>\n<li>Vegano<\/li>\n<li>Sin gluten<\/li>\n<li>Sin lactosa<\/li>\n<li>Sin OGM<\/li>\n<li>Fabricado seg\u00fan los estrictos est\u00e1ndares de calidad de la UE.<\/li>\n<\/ul>\n","protected":false},"excerpt":{"rendered":"<p>El silicio de Vit4ever te aporta silicio org\u00e1nico de alta calidad procedente de brotes de bamb\u00fa, una fuente vegetal y, al mismo tiempo, una de las m\u00e1s ricas en este mineral. Ideal para todos aquellos que deseen cuidar de forma integral la piel, el cabello, las u\u00f1as y el tejido conjuntivo. Vegano Sin gluten Sin [&hellip;]<\/p>\n","protected":false},"featured_media":55499,"template":"","meta":{"_acf_changed":false},"product_brand":[10219],"product_cat":[342,363],"product_tag":[],"class_list":{"0":"post-65788","1":"product","2":"type-product","3":"status-publish","4":"has-post-thumbnail","6":"product_brand-vit4ever-es","7":"product_cat-minerales-y-oligoelementos","8":"product_cat-productos-de-a-z","10":"first","11":"instock","12":"taxable","13":"shipping-taxable","14":"purchasable","15":"product-type-simple"},"acf":[],"_links":{"self":[{"href":"https:\/\/vitalstoffversand.com\/es\/wp-json\/wp\/v2\/product\/65788","targetHints":{"allow":["GET"]}}],"collection":[{"href":"https:\/\/vitalstoffversand.com\/es\/wp-json\/wp\/v2\/product"}],"about":[{"href":"https:\/\/vitalstoffversand.com\/es\/wp-json\/wp\/v2\/types\/product"}],"wp:featuredmedia":[{"embeddable":true,"href":"https:\/\/vitalstoffversand.com\/es\/wp-json\/wp\/v2\/media\/55499"}],"wp:attachment":[{"href":"https:\/\/vitalstoffversand.com\/es\/wp-json\/wp\/v2\/media?parent=65788"}],"wp:term":[{"taxonomy":"product_brand","embeddable":true,"href":"https:\/\/vitalstoffversand.com\/es\/wp-json\/wp\/v2\/product_brand?post=65788"},{"taxonomy":"product_cat","embeddable":true,"href":"https:\/\/vitalstoffversand.com\/es\/wp-json\/wp\/v2\/product_cat?post=65788"},{"taxonomy":"product_tag","embeddable":true,"href":"https:\/\/vitalstoffversand.com\/es\/wp-json\/wp\/v2\/product_tag?post=65788"}],"curies":[{"name":"wp","href":"https:\/\/api.w.org\/{rel}","templated":true}]}}