{"id":65680,"date":"2025-09-01T18:49:38","date_gmt":"2025-09-01T16:49:38","guid":{"rendered":"https:\/\/vitalstoffversand.com\/produkt\/vit4ever-acido-hialuronico-180-capsulas\/"},"modified":"2026-03-21T15:54:58","modified_gmt":"2026-03-21T14:54:58","slug":"vit4ever-acido-hialuronico-180-capsulas","status":"publish","type":"product","link":"https:\/\/vitalstoffversand.com\/es\/producto\/vit4ever-acido-hialuronico-180-capsulas\/","title":{"rendered":"Vit4ever <br>\u00c1cido hialur\u00f3nico &#8211; 180 c\u00e1psulas"},"content":{"rendered":"<p>El hialur\u00f3nico, o \u00e1cido hialur\u00f3nico, es un componente importante del tejido conjuntivo, as\u00ed como del cart\u00edlago y del l\u00edquido sinovial.<\/p>\n<p>Debido a su gran capacidad para retener agua, el \u00e1cido hialur\u00f3nico se utiliza con frecuencia en la industria cosm\u00e9tica.<\/p>\n<p>Nuestro cuerpo produce \u00e1cido hialur\u00f3nico por s\u00ed mismo, pero este proceso puede potenciarse \u2014incluso cuando la producci\u00f3n propia disminuye con la edad\u2014 mediante la administraci\u00f3n adicional de \u00e1cido hialur\u00f3nico.<\/p>\n<ul>\n<li>Vegano<\/li>\n<li>Sin gluten<\/li>\n<li>Sin lactosa<\/li>\n<li>Sin OGM<\/li>\n<li>Fabricado seg\u00fan los estrictos est\u00e1ndares de calidad de la UE.<\/li>\n<\/ul>\n","protected":false},"excerpt":{"rendered":"<p>El hialur\u00f3nico, o \u00e1cido hialur\u00f3nico, es un componente importante del tejido conjuntivo, as\u00ed como del cart\u00edlago y del l\u00edquido sinovial. Debido a su gran capacidad para retener agua, el \u00e1cido hialur\u00f3nico se utiliza con frecuencia en la industria cosm\u00e9tica. Nuestro cuerpo produce \u00e1cido hialur\u00f3nico por s\u00ed mismo, pero este proceso puede potenciarse \u2014incluso cuando la [&hellip;]<\/p>\n","protected":false},"featured_media":54515,"template":"","meta":{"_acf_changed":false},"product_brand":[10219],"product_cat":[350,363],"product_tag":[],"class_list":{"0":"post-65680","1":"product","2":"type-product","3":"status-publish","4":"has-post-thumbnail","6":"product_brand-vit4ever-es","7":"product_cat-nutrientes","8":"product_cat-productos-de-a-z","10":"first","11":"outofstock","12":"taxable","13":"shipping-taxable","14":"purchasable","15":"product-type-simple"},"acf":[],"_links":{"self":[{"href":"https:\/\/vitalstoffversand.com\/es\/wp-json\/wp\/v2\/product\/65680","targetHints":{"allow":["GET"]}}],"collection":[{"href":"https:\/\/vitalstoffversand.com\/es\/wp-json\/wp\/v2\/product"}],"about":[{"href":"https:\/\/vitalstoffversand.com\/es\/wp-json\/wp\/v2\/types\/product"}],"wp:featuredmedia":[{"embeddable":true,"href":"https:\/\/vitalstoffversand.com\/es\/wp-json\/wp\/v2\/media\/54515"}],"wp:attachment":[{"href":"https:\/\/vitalstoffversand.com\/es\/wp-json\/wp\/v2\/media?parent=65680"}],"wp:term":[{"taxonomy":"product_brand","embeddable":true,"href":"https:\/\/vitalstoffversand.com\/es\/wp-json\/wp\/v2\/product_brand?post=65680"},{"taxonomy":"product_cat","embeddable":true,"href":"https:\/\/vitalstoffversand.com\/es\/wp-json\/wp\/v2\/product_cat?post=65680"},{"taxonomy":"product_tag","embeddable":true,"href":"https:\/\/vitalstoffversand.com\/es\/wp-json\/wp\/v2\/product_tag?post=65680"}],"curies":[{"name":"wp","href":"https:\/\/api.w.org\/{rel}","templated":true}]}}