{"id":65671,"date":"2025-09-01T18:48:36","date_gmt":"2025-09-01T16:48:36","guid":{"rendered":"https:\/\/vitalstoffversand.com\/produkt\/vit4ever-cromo-500-%c2%b5g-365-comprimidos\/"},"modified":"2026-03-21T15:55:05","modified_gmt":"2026-03-21T14:55:05","slug":"vit4ever-cromo-500-%c2%b5g-365-comprimidos","status":"publish","type":"product","link":"https:\/\/vitalstoffversand.com\/es\/producto\/vit4ever-cromo-500-%c2%b5g-365-comprimidos\/","title":{"rendered":"Vit4ever <br>Cromo 500 \u00b5g &#8211; 365 comprimidos"},"content":{"rendered":"<p><span style=\"color: #0000ff;\"><strong><a href=\"https:\/\/vitalstoffversand.com\/knowledge-base\/chrom\/\" target=\"_blank\" rel=\"noopener\">\u2192 El cromo <\/a><\/strong><\/span>es un oligoelemento y se obtiene a trav\u00e9s de la alimentaci\u00f3n.<\/p>\n<p>Seg\u00fan los datos cient\u00edficos, parece poco probable que se produzca una carencia; sin embargo, en casos concretos puede ser necesario tomar suplementos de cromo, sobre todo si, debido a los h\u00e1bitos alimenticios individuales, la ingesta de cromo a trav\u00e9s de la dieta es insuficiente.<\/p>\n<ul>\n<li>Vegano<\/li>\n<li>Sin gluten<\/li>\n<li>Sin lactosa<\/li>\n<li>Sin OGM<\/li>\n<li>Fabricado seg\u00fan los estrictos est\u00e1ndares de calidad de la UE.<\/li>\n<\/ul>\n","protected":false},"excerpt":{"rendered":"<p>\u2192 El cromo es un oligoelemento y se obtiene a trav\u00e9s de la alimentaci\u00f3n. Seg\u00fan los datos cient\u00edficos, parece poco probable que se produzca una carencia; sin embargo, en casos concretos puede ser necesario tomar suplementos de cromo, sobre todo si, debido a los h\u00e1bitos alimenticios individuales, la ingesta de cromo a trav\u00e9s de la [&hellip;]<\/p>\n","protected":false},"featured_media":65666,"template":"","meta":{"_acf_changed":false},"product_brand":[10219],"product_cat":[342,363],"product_tag":[],"class_list":{"0":"post-65671","1":"product","2":"type-product","3":"status-publish","4":"has-post-thumbnail","6":"product_brand-vit4ever-es","7":"product_cat-minerales-y-oligoelementos","8":"product_cat-productos-de-a-z","10":"first","11":"instock","12":"taxable","13":"shipping-taxable","14":"purchasable","15":"product-type-simple"},"acf":[],"_links":{"self":[{"href":"https:\/\/vitalstoffversand.com\/es\/wp-json\/wp\/v2\/product\/65671","targetHints":{"allow":["GET"]}}],"collection":[{"href":"https:\/\/vitalstoffversand.com\/es\/wp-json\/wp\/v2\/product"}],"about":[{"href":"https:\/\/vitalstoffversand.com\/es\/wp-json\/wp\/v2\/types\/product"}],"wp:featuredmedia":[{"embeddable":true,"href":"https:\/\/vitalstoffversand.com\/es\/wp-json\/wp\/v2\/media\/65666"}],"wp:attachment":[{"href":"https:\/\/vitalstoffversand.com\/es\/wp-json\/wp\/v2\/media?parent=65671"}],"wp:term":[{"taxonomy":"product_brand","embeddable":true,"href":"https:\/\/vitalstoffversand.com\/es\/wp-json\/wp\/v2\/product_brand?post=65671"},{"taxonomy":"product_cat","embeddable":true,"href":"https:\/\/vitalstoffversand.com\/es\/wp-json\/wp\/v2\/product_cat?post=65671"},{"taxonomy":"product_tag","embeddable":true,"href":"https:\/\/vitalstoffversand.com\/es\/wp-json\/wp\/v2\/product_tag?post=65671"}],"curies":[{"name":"wp","href":"https:\/\/api.w.org\/{rel}","templated":true}]}}