{"id":65631,"date":"2025-10-08T12:56:27","date_gmt":"2025-10-08T10:56:27","guid":{"rendered":"https:\/\/vitalstoffversand.com\/produkt\/vit4ever-extracto-de-arandano-rojo-con-vitamina-c-365-capsulas\/"},"modified":"2026-03-21T15:53:11","modified_gmt":"2026-03-21T14:53:11","slug":"vit4ever-extracto-de-arandano-rojo-con-vitamina-c-365-capsulas","status":"publish","type":"product","link":"https:\/\/vitalstoffversand.com\/es\/producto\/vit4ever-extracto-de-arandano-rojo-con-vitamina-c-365-capsulas\/","title":{"rendered":"Vit4ever <br>Extracto de ar\u00e1ndano rojo con vitamina C &#8211; 365 c\u00e1psulas"},"content":{"rendered":"<p>El extracto de ar\u00e1ndano rojo de alta calidad, con una concentraci\u00f3n de 25:1, combinado con vitamina C, te aporta los valiosos nutrientes del ar\u00e1ndano rojo norteamericano y, al mismo tiempo, cubre las necesidades m\u00ednimas diarias de vitamina C.<\/p>\n<ul>\n<li>Vegano<\/li>\n<li>Sin gluten<\/li>\n<li>Sin lactosa<\/li>\n<li>Sin OGM<\/li>\n<li>Fabricado seg\u00fan los estrictos est\u00e1ndares de calidad de la UE.<\/li>\n<\/ul>\n","protected":false},"excerpt":{"rendered":"<p>El extracto de ar\u00e1ndano rojo de alta calidad, con una concentraci\u00f3n de 25:1, combinado con vitamina C, te aporta los valiosos nutrientes del ar\u00e1ndano rojo norteamericano y, al mismo tiempo, cubre las necesidades m\u00ednimas diarias de vitamina C. Vegano Sin gluten Sin lactosa Sin OGM Fabricado seg\u00fan los estrictos est\u00e1ndares de calidad de la UE.<\/p>\n","protected":false},"featured_media":60405,"template":"","meta":{"_acf_changed":false},"product_brand":[10219],"product_cat":[350,363],"product_tag":[],"class_list":{"0":"post-65631","1":"product","2":"type-product","3":"status-publish","4":"has-post-thumbnail","6":"product_brand-vit4ever-es","7":"product_cat-nutrientes","8":"product_cat-productos-de-a-z","10":"first","11":"instock","12":"taxable","13":"shipping-taxable","14":"purchasable","15":"product-type-simple"},"acf":[],"_links":{"self":[{"href":"https:\/\/vitalstoffversand.com\/es\/wp-json\/wp\/v2\/product\/65631","targetHints":{"allow":["GET"]}}],"collection":[{"href":"https:\/\/vitalstoffversand.com\/es\/wp-json\/wp\/v2\/product"}],"about":[{"href":"https:\/\/vitalstoffversand.com\/es\/wp-json\/wp\/v2\/types\/product"}],"wp:featuredmedia":[{"embeddable":true,"href":"https:\/\/vitalstoffversand.com\/es\/wp-json\/wp\/v2\/media\/60405"}],"wp:attachment":[{"href":"https:\/\/vitalstoffversand.com\/es\/wp-json\/wp\/v2\/media?parent=65631"}],"wp:term":[{"taxonomy":"product_brand","embeddable":true,"href":"https:\/\/vitalstoffversand.com\/es\/wp-json\/wp\/v2\/product_brand?post=65631"},{"taxonomy":"product_cat","embeddable":true,"href":"https:\/\/vitalstoffversand.com\/es\/wp-json\/wp\/v2\/product_cat?post=65631"},{"taxonomy":"product_tag","embeddable":true,"href":"https:\/\/vitalstoffversand.com\/es\/wp-json\/wp\/v2\/product_tag?post=65631"}],"curies":[{"name":"wp","href":"https:\/\/api.w.org\/{rel}","templated":true}]}}