{"id":65630,"date":"2025-10-08T13:01:37","date_gmt":"2025-10-08T11:01:37","guid":{"rendered":"https:\/\/vitalstoffversand.com\/produkt\/vit4ever-gotas-de-vitamina-d3-k2-para-ninos-10-ml\/"},"modified":"2026-03-21T15:53:09","modified_gmt":"2026-03-21T14:53:09","slug":"vit4ever-gotas-de-vitamina-d3-k2-para-ninos-10-ml","status":"publish","type":"product","link":"https:\/\/vitalstoffversand.com\/es\/producto\/vit4ever-gotas-de-vitamina-d3-k2-para-ninos-10-ml\/","title":{"rendered":"Vit4ever <br>Gotas de vitamina D3 + K2 para ni\u00f1os &#8211; 10 ml"},"content":{"rendered":"<p>No solo los adultos se benefician de la combinaci\u00f3n de vitamina D3 y K2, sino que tambi\u00e9n los ni\u00f1os y los adolescentes tienen unas necesidades mayores, especialmente durante la fase de crecimiento y desarrollo.<\/p>\n<p>La dosis se adapta a las necesidades de nuestros \u00abpeque\u00f1os\u00bb.<\/p>\n<p>Las gotas no tienen sabor, por lo que se pueden incorporar sin problemas a la rutina diaria de los ni\u00f1os y adolescentes.<\/p>\n<ul>\n<li>Vegetariano<\/li>\n<li>Sin gluten<\/li>\n<li>Sin lactosa<\/li>\n<li>Sin OGM<\/li>\n<li>Fabricado seg\u00fan los estrictos est\u00e1ndares de calidad de la UE.<\/li>\n<\/ul>\n","protected":false},"excerpt":{"rendered":"<p>No solo los adultos se benefician de la combinaci\u00f3n de vitamina D3 y K2, sino que tambi\u00e9n los ni\u00f1os y los adolescentes tienen unas necesidades mayores, especialmente durante la fase de crecimiento y desarrollo. La dosis se adapta a las necesidades de nuestros \u00abpeque\u00f1os\u00bb. Las gotas no tienen sabor, por lo que se pueden incorporar [&hellip;]<\/p>\n","protected":false},"featured_media":60365,"template":"","meta":{"_acf_changed":false},"product_brand":[10219],"product_cat":[310,363],"product_tag":[],"class_list":{"0":"post-65630","1":"product","2":"type-product","3":"status-publish","4":"has-post-thumbnail","6":"product_brand-vit4ever-es","7":"product_cat-vitaminas","8":"product_cat-productos-de-a-z","10":"first","11":"instock","12":"taxable","13":"shipping-taxable","14":"purchasable","15":"product-type-simple"},"acf":[],"_links":{"self":[{"href":"https:\/\/vitalstoffversand.com\/es\/wp-json\/wp\/v2\/product\/65630","targetHints":{"allow":["GET"]}}],"collection":[{"href":"https:\/\/vitalstoffversand.com\/es\/wp-json\/wp\/v2\/product"}],"about":[{"href":"https:\/\/vitalstoffversand.com\/es\/wp-json\/wp\/v2\/types\/product"}],"wp:featuredmedia":[{"embeddable":true,"href":"https:\/\/vitalstoffversand.com\/es\/wp-json\/wp\/v2\/media\/60365"}],"wp:attachment":[{"href":"https:\/\/vitalstoffversand.com\/es\/wp-json\/wp\/v2\/media?parent=65630"}],"wp:term":[{"taxonomy":"product_brand","embeddable":true,"href":"https:\/\/vitalstoffversand.com\/es\/wp-json\/wp\/v2\/product_brand?post=65630"},{"taxonomy":"product_cat","embeddable":true,"href":"https:\/\/vitalstoffversand.com\/es\/wp-json\/wp\/v2\/product_cat?post=65630"},{"taxonomy":"product_tag","embeddable":true,"href":"https:\/\/vitalstoffversand.com\/es\/wp-json\/wp\/v2\/product_tag?post=65630"}],"curies":[{"name":"wp","href":"https:\/\/api.w.org\/{rel}","templated":true}]}}