{"id":65623,"date":"2025-07-12T12:34:48","date_gmt":"2025-07-12T10:34:48","guid":{"rendered":"https:\/\/vitalstoffversand.com\/produkt\/vit4ever-citrus-bergamota-120-capsulas\/"},"modified":"2026-03-15T18:00:52","modified_gmt":"2026-03-15T17:00:52","slug":"vit4ever-citrus-bergamota-120-capsulas","status":"publish","type":"product","link":"https:\/\/vitalstoffversand.com\/es\/producto\/vit4ever-citrus-bergamota-120-capsulas\/","title":{"rendered":"Vit4ever <br>Bergamota &#8211; 120 c\u00e1psulas"},"content":{"rendered":"<p>La bergamota pertenece a la familia de los c\u00edtricos.<\/p>\n<p>El extracto es rico en polifenoles (por ejemplo, flavonoides), que forman parte de los fitoqu\u00edmicos.<\/p>\n<p>Los polifenoles, en su calidad de antioxidantes, contribuyen a proteger las c\u00e9lulas del estr\u00e9s oxidativo.<\/p>\n<ul>\n<li>Vegano<\/li>\n<li>Sin gluten<\/li>\n<li>Sin lactosa<\/li>\n<li>Sin OGM<\/li>\n<li>Fabricado seg\u00fan los estrictos est\u00e1ndares de calidad de la UE.<\/li>\n<\/ul>\n","protected":false},"excerpt":{"rendered":"<p>La bergamota pertenece a la familia de los c\u00edtricos. El extracto es rico en polifenoles (por ejemplo, flavonoides), que forman parte de los fitoqu\u00edmicos. Los polifenoles, en su calidad de antioxidantes, contribuyen a proteger las c\u00e9lulas del estr\u00e9s oxidativo. Vegano Sin gluten Sin lactosa Sin OGM Fabricado seg\u00fan los estrictos est\u00e1ndares de calidad de la [&hellip;]<\/p>\n","protected":false},"featured_media":65618,"template":"","meta":{"_acf_changed":false},"product_brand":[10219],"product_cat":[350,363],"product_tag":[],"class_list":{"0":"post-65623","1":"product","2":"type-product","3":"status-publish","4":"has-post-thumbnail","6":"product_brand-vit4ever-es","7":"product_cat-nutrientes","8":"product_cat-productos-de-a-z","10":"first","11":"instock","12":"taxable","13":"shipping-taxable","14":"purchasable","15":"product-type-simple"},"acf":[],"_links":{"self":[{"href":"https:\/\/vitalstoffversand.com\/es\/wp-json\/wp\/v2\/product\/65623","targetHints":{"allow":["GET"]}}],"collection":[{"href":"https:\/\/vitalstoffversand.com\/es\/wp-json\/wp\/v2\/product"}],"about":[{"href":"https:\/\/vitalstoffversand.com\/es\/wp-json\/wp\/v2\/types\/product"}],"wp:featuredmedia":[{"embeddable":true,"href":"https:\/\/vitalstoffversand.com\/es\/wp-json\/wp\/v2\/media\/65618"}],"wp:attachment":[{"href":"https:\/\/vitalstoffversand.com\/es\/wp-json\/wp\/v2\/media?parent=65623"}],"wp:term":[{"taxonomy":"product_brand","embeddable":true,"href":"https:\/\/vitalstoffversand.com\/es\/wp-json\/wp\/v2\/product_brand?post=65623"},{"taxonomy":"product_cat","embeddable":true,"href":"https:\/\/vitalstoffversand.com\/es\/wp-json\/wp\/v2\/product_cat?post=65623"},{"taxonomy":"product_tag","embeddable":true,"href":"https:\/\/vitalstoffversand.com\/es\/wp-json\/wp\/v2\/product_tag?post=65623"}],"curies":[{"name":"wp","href":"https:\/\/api.w.org\/{rel}","templated":true}]}}