{"id":65587,"date":"2025-09-24T18:35:52","date_gmt":"2025-09-24T16:35:52","guid":{"rendered":"https:\/\/vitalstoffversand.com\/produkt\/vit4ever-cascaras-de-psyllium-1000-g\/"},"modified":"2026-03-21T15:53:29","modified_gmt":"2026-03-21T14:53:29","slug":"vit4ever-cascaras-de-psyllium-1000-g","status":"publish","type":"product","link":"https:\/\/vitalstoffversand.com\/es\/producto\/vit4ever-cascaras-de-psyllium-1000-g\/","title":{"rendered":"Vit4ever <br>C\u00e1scaras de psyllium &#8211; 1000 g"},"content":{"rendered":"<p>Las c\u00e1scaras de psyllium son las c\u00e1scaras de las semillas de la Plantago indica (Plantago psyllium).<\/p>\n<p>Son muy ricos en fibra y se pueden utilizar de muchas maneras.<\/p>\n<p>Las c\u00e1scaras de psyllium tienen una gran capacidad de hinchamiento, por lo que son un complemento muy utilizado en diversos \u00e1mbitos.<\/p>\n<p>Como alternativa, tambi\u00e9n tenemos <a href=\"https:\/\/vitalstoffversand.com\/produkt\/natura-med-bio-flohsamenschalen-250-g\/\" target=\"_blank\" rel=\"noopener\"><span style=\"color: #0000ff;\">C\u00e1scaras de psilio ecol\u00f3gicas Natura Med, 250 g<\/span><\/a> y <a href=\"https:\/\/vitalstoffversand.com\/produkt\/natura-med-bio-flohsamenschalen-500-g\/\"><span style=\"color: #0000ff;\">C\u00e1scaras de psilio ecol\u00f3gicas Natura Med, 500 g<\/span><\/a> en nuestra gama.<\/p>\n<ul>\n<li>Vegano<\/li>\n<li>Sin gluten<\/li>\n<li>Sin lactosa<\/li>\n<li>Sin OGM<\/li>\n<li>Fabricado seg\u00fan los estrictos est\u00e1ndares de calidad de la UE.<\/li>\n<\/ul>\n","protected":false},"excerpt":{"rendered":"<p>Las c\u00e1scaras de psyllium son las c\u00e1scaras de las semillas de la Plantago indica (Plantago psyllium). Son muy ricos en fibra y se pueden utilizar de muchas maneras. Las c\u00e1scaras de psyllium tienen una gran capacidad de hinchamiento, por lo que son un complemento muy utilizado en diversos \u00e1mbitos. Como alternativa, tambi\u00e9n tenemos C\u00e1scaras de [&hellip;]<\/p>\n","protected":false},"featured_media":59917,"template":"","meta":{"_acf_changed":false},"product_brand":[10219],"product_cat":[350,363],"product_tag":[],"class_list":{"0":"post-65587","1":"product","2":"type-product","3":"status-publish","4":"has-post-thumbnail","6":"product_brand-vit4ever-es","7":"product_cat-nutrientes","8":"product_cat-productos-de-a-z","10":"first","11":"instock","12":"taxable","13":"shipping-taxable","14":"purchasable","15":"product-type-simple"},"acf":[],"_links":{"self":[{"href":"https:\/\/vitalstoffversand.com\/es\/wp-json\/wp\/v2\/product\/65587","targetHints":{"allow":["GET"]}}],"collection":[{"href":"https:\/\/vitalstoffversand.com\/es\/wp-json\/wp\/v2\/product"}],"about":[{"href":"https:\/\/vitalstoffversand.com\/es\/wp-json\/wp\/v2\/types\/product"}],"wp:featuredmedia":[{"embeddable":true,"href":"https:\/\/vitalstoffversand.com\/es\/wp-json\/wp\/v2\/media\/59917"}],"wp:attachment":[{"href":"https:\/\/vitalstoffversand.com\/es\/wp-json\/wp\/v2\/media?parent=65587"}],"wp:term":[{"taxonomy":"product_brand","embeddable":true,"href":"https:\/\/vitalstoffversand.com\/es\/wp-json\/wp\/v2\/product_brand?post=65587"},{"taxonomy":"product_cat","embeddable":true,"href":"https:\/\/vitalstoffversand.com\/es\/wp-json\/wp\/v2\/product_cat?post=65587"},{"taxonomy":"product_tag","embeddable":true,"href":"https:\/\/vitalstoffversand.com\/es\/wp-json\/wp\/v2\/product_tag?post=65587"}],"curies":[{"name":"wp","href":"https:\/\/api.w.org\/{rel}","templated":true}]}}