{"id":65549,"date":"2025-09-02T15:08:53","date_gmt":"2025-09-02T13:08:53","guid":{"rendered":"https:\/\/vitalstoffversand.com\/produkt\/vit4ever-aceite-de-onagra-180-capsulas\/"},"modified":"2026-03-21T15:54:04","modified_gmt":"2026-03-21T14:54:04","slug":"vit4ever-aceite-de-onagra-180-capsulas","status":"publish","type":"product","link":"https:\/\/vitalstoffversand.com\/es\/producto\/vit4ever-aceite-de-onagra-180-capsulas\/","title":{"rendered":"Vit4ever <br>Aceite de onagra &#8211; 180 c\u00e1psulas"},"content":{"rendered":"<p>Las c\u00e1psulas de aceite de onagra contienen un 10 % de \u00e1cido gamma-linol\u00e9nico (GLA), as\u00ed como \u00e1cido linoleico, un \u00e1cido graso omega-6.<\/p>\n<p>Adem\u00e1s, contiene \u00e1cidos grasos insaturados, diversos amino\u00e1cidos, minerales y vitamina E.<\/p>\n<p>El aceite de onagra puede tener un efecto positivo sobre la piel y se utiliza a menudo en medicina popular para las enfermedades cut\u00e1neas y la piel seca.<\/p>\n<ul>\n<li>Sin gluten<\/li>\n<li>Sin lactosa<\/li>\n<li>Sin OGM<\/li>\n<li>Fabricado seg\u00fan los estrictos est\u00e1ndares de calidad de la UE.<\/li>\n<\/ul>\n","protected":false},"excerpt":{"rendered":"<p>Las c\u00e1psulas de aceite de onagra contienen un 10 % de \u00e1cido gamma-linol\u00e9nico (GLA), as\u00ed como \u00e1cido linoleico, un \u00e1cido graso omega-6. Adem\u00e1s, contiene \u00e1cidos grasos insaturados, diversos amino\u00e1cidos, minerales y vitamina E. El aceite de onagra puede tener un efecto positivo sobre la piel y se utiliza a menudo en medicina popular para las [&hellip;]<\/p>\n","protected":false},"featured_media":65543,"template":"","meta":{"_acf_changed":false},"product_brand":[10219],"product_cat":[335,363],"product_tag":[],"class_list":{"0":"post-65549","1":"product","2":"type-product","3":"status-publish","4":"has-post-thumbnail","6":"product_brand-vit4ever-es","7":"product_cat-acidos-grasos","8":"product_cat-productos-de-a-z","10":"first","11":"instock","12":"taxable","13":"shipping-taxable","14":"purchasable","15":"product-type-simple"},"acf":[],"_links":{"self":[{"href":"https:\/\/vitalstoffversand.com\/es\/wp-json\/wp\/v2\/product\/65549","targetHints":{"allow":["GET"]}}],"collection":[{"href":"https:\/\/vitalstoffversand.com\/es\/wp-json\/wp\/v2\/product"}],"about":[{"href":"https:\/\/vitalstoffversand.com\/es\/wp-json\/wp\/v2\/types\/product"}],"wp:featuredmedia":[{"embeddable":true,"href":"https:\/\/vitalstoffversand.com\/es\/wp-json\/wp\/v2\/media\/65543"}],"wp:attachment":[{"href":"https:\/\/vitalstoffversand.com\/es\/wp-json\/wp\/v2\/media?parent=65549"}],"wp:term":[{"taxonomy":"product_brand","embeddable":true,"href":"https:\/\/vitalstoffversand.com\/es\/wp-json\/wp\/v2\/product_brand?post=65549"},{"taxonomy":"product_cat","embeddable":true,"href":"https:\/\/vitalstoffversand.com\/es\/wp-json\/wp\/v2\/product_cat?post=65549"},{"taxonomy":"product_tag","embeddable":true,"href":"https:\/\/vitalstoffversand.com\/es\/wp-json\/wp\/v2\/product_tag?post=65549"}],"curies":[{"name":"wp","href":"https:\/\/api.w.org\/{rel}","templated":true}]}}