{"id":65504,"date":"2025-09-19T17:21:38","date_gmt":"2025-09-19T15:21:38","guid":{"rendered":"https:\/\/vitalstoffversand.com\/produkt\/gen-aceite-de-pescado-con-omega-3-300-capsulas\/"},"modified":"2026-03-21T15:53:39","modified_gmt":"2026-03-21T14:53:39","slug":"gen-aceite-de-pescado-con-omega-3-300-capsulas","status":"publish","type":"product","link":"https:\/\/vitalstoffversand.com\/es\/producto\/gen-aceite-de-pescado-con-omega-3-300-capsulas\/","title":{"rendered":"GEN <br>Aceite de pescado con omega 3 &#8211; 300 c\u00e1psulas"},"content":{"rendered":"<p>Los \u00e1cidos grasos omega 3 son esenciales para nuestro organismo y deben ingerirse a trav\u00e9s de los alimentos.<\/p>\n<p>Cada c\u00e1psula de aceite de pescado con omega-3 te aporta 1000 mg de aceite de pescado, de los cuales 800 mg son omega-3 puro. De esta cantidad, 500 mg corresponden a EPA y 250 mg a DHA.<\/p>\n<p>La proporci\u00f3n de 2:1 entre EPA y DHA se ajusta a la proporci\u00f3n recomendada cient\u00edficamente entre el \u00e1cido eicosapentaenoico y el \u00e1cido docosahexaenoico.<\/p>\n<p>Gracias a su forma de triglic\u00e9ridos, el omega 3 tiene una biodisponibilidad muy alta y el organismo lo absorbe de forma \u00f3ptima.<\/p>\n<ul>\n<li>Sin gluten<\/li>\n<li>Sin lactosa<\/li>\n<li>Sin OGM<\/li>\n<li>Fabricado seg\u00fan los estrictos est\u00e1ndares de calidad de la UE.<\/li>\n<\/ul>\n","protected":false},"excerpt":{"rendered":"<p>Los \u00e1cidos grasos omega 3 son esenciales para nuestro organismo y deben ingerirse a trav\u00e9s de los alimentos. Cada c\u00e1psula de aceite de pescado con omega-3 te aporta 1000 mg de aceite de pescado, de los cuales 800 mg son omega-3 puro. De esta cantidad, 500 mg corresponden a EPA y 250 mg a DHA. [&hellip;]<\/p>\n","protected":false},"featured_media":48992,"template":"","meta":{"_acf_changed":false},"product_brand":[10201],"product_cat":[335,363],"product_tag":[],"class_list":{"0":"post-65504","1":"product","2":"type-product","3":"status-publish","4":"has-post-thumbnail","6":"product_brand-gen-german-elite-nutrition-es","7":"product_cat-acidos-grasos","8":"product_cat-productos-de-a-z","10":"first","11":"instock","12":"taxable","13":"shipping-taxable","14":"purchasable","15":"product-type-simple"},"acf":[],"_links":{"self":[{"href":"https:\/\/vitalstoffversand.com\/es\/wp-json\/wp\/v2\/product\/65504","targetHints":{"allow":["GET"]}}],"collection":[{"href":"https:\/\/vitalstoffversand.com\/es\/wp-json\/wp\/v2\/product"}],"about":[{"href":"https:\/\/vitalstoffversand.com\/es\/wp-json\/wp\/v2\/types\/product"}],"wp:featuredmedia":[{"embeddable":true,"href":"https:\/\/vitalstoffversand.com\/es\/wp-json\/wp\/v2\/media\/48992"}],"wp:attachment":[{"href":"https:\/\/vitalstoffversand.com\/es\/wp-json\/wp\/v2\/media?parent=65504"}],"wp:term":[{"taxonomy":"product_brand","embeddable":true,"href":"https:\/\/vitalstoffversand.com\/es\/wp-json\/wp\/v2\/product_brand?post=65504"},{"taxonomy":"product_cat","embeddable":true,"href":"https:\/\/vitalstoffversand.com\/es\/wp-json\/wp\/v2\/product_cat?post=65504"},{"taxonomy":"product_tag","embeddable":true,"href":"https:\/\/vitalstoffversand.com\/es\/wp-json\/wp\/v2\/product_tag?post=65504"}],"curies":[{"name":"wp","href":"https:\/\/api.w.org\/{rel}","templated":true}]}}