{"id":65503,"date":"2026-01-13T18:19:22","date_gmt":"2026-01-13T17:19:22","guid":{"rendered":"https:\/\/vitalstoffversand.com\/produkt\/gen-creapure-monohidrato-de-creatina-500-g\/"},"modified":"2026-03-21T15:52:22","modified_gmt":"2026-03-21T14:52:22","slug":"gen-creapure-monohidrato-de-creatina-500-g","status":"publish","type":"product","link":"https:\/\/vitalstoffversand.com\/es\/producto\/gen-creapure-monohidrato-de-creatina-500-g\/","title":{"rendered":"GEN <br>Creapure\u00ae &#8211; Monohidrato de creatina &#8211; 500 g"},"content":{"rendered":"<p>Monohidrato de creatina con la reconocida y probada calidad de Creapure\u00ae.<\/p>\n<p>La materia prima de marca Creapure\u00ae se fabrica en Alemania y es sin\u00f3nimo de la m\u00e1xima pureza y calidad.<\/p>\n<ul>\n<li>Vegano<\/li>\n<li>Sin gluten<\/li>\n<li>Sin lactosa<\/li>\n<li>Sin OGM<\/li>\n<li>Fabricado seg\u00fan los estrictos est\u00e1ndares de calidad de la UE.<\/li>\n<\/ul>\n<p>&nbsp;<\/p>\n","protected":false},"excerpt":{"rendered":"<p>Monohidrato de creatina con la reconocida y probada calidad de Creapure\u00ae. La materia prima de marca Creapure\u00ae se fabrica en Alemania y es sin\u00f3nimo de la m\u00e1xima pureza y calidad. Vegano Sin gluten Sin lactosa Sin OGM Fabricado seg\u00fan los estrictos est\u00e1ndares de calidad de la UE. &nbsp;<\/p>\n","protected":false},"featured_media":65498,"template":"","meta":{"_acf_changed":false},"product_brand":[10201],"product_cat":[363,351],"product_tag":[],"class_list":{"0":"post-65503","1":"product","2":"type-product","3":"status-publish","4":"has-post-thumbnail","6":"product_brand-gen-german-elite-nutrition-es","7":"product_cat-productos-de-a-z","8":"product_cat-deporte-suplementario","10":"first","11":"outofstock","12":"taxable","13":"shipping-taxable","14":"purchasable","15":"product-type-simple"},"acf":[],"_links":{"self":[{"href":"https:\/\/vitalstoffversand.com\/es\/wp-json\/wp\/v2\/product\/65503","targetHints":{"allow":["GET"]}}],"collection":[{"href":"https:\/\/vitalstoffversand.com\/es\/wp-json\/wp\/v2\/product"}],"about":[{"href":"https:\/\/vitalstoffversand.com\/es\/wp-json\/wp\/v2\/types\/product"}],"wp:featuredmedia":[{"embeddable":true,"href":"https:\/\/vitalstoffversand.com\/es\/wp-json\/wp\/v2\/media\/65498"}],"wp:attachment":[{"href":"https:\/\/vitalstoffversand.com\/es\/wp-json\/wp\/v2\/media?parent=65503"}],"wp:term":[{"taxonomy":"product_brand","embeddable":true,"href":"https:\/\/vitalstoffversand.com\/es\/wp-json\/wp\/v2\/product_brand?post=65503"},{"taxonomy":"product_cat","embeddable":true,"href":"https:\/\/vitalstoffversand.com\/es\/wp-json\/wp\/v2\/product_cat?post=65503"},{"taxonomy":"product_tag","embeddable":true,"href":"https:\/\/vitalstoffversand.com\/es\/wp-json\/wp\/v2\/product_tag?post=65503"}],"curies":[{"name":"wp","href":"https:\/\/api.w.org\/{rel}","templated":true}]}}