{"id":65430,"date":"2026-01-13T15:09:03","date_gmt":"2026-01-13T14:09:03","guid":{"rendered":"https:\/\/vitalstoffversand.com\/produkt\/gen-kidney-essentials-270-capsulas\/"},"modified":"2026-03-21T15:52:24","modified_gmt":"2026-03-21T14:52:24","slug":"gen-kidney-essentials-270-capsulas","status":"publish","type":"product","link":"https:\/\/vitalstoffversand.com\/es\/producto\/gen-kidney-essentials-270-capsulas\/","title":{"rendered":"GEN <br>Kidney Essentials &#8211; 270 c\u00e1psulas"},"content":{"rendered":"<p>Seis extractos vegetales seleccionados en dosis elevadas constituyen la base de Kidney Essentials.<\/p>\n<p>Extractos de alta calidad de astr\u00e1galo, ortiga, guinda, corteza de pino, apio y vara de oro.<\/p>\n<ul>\n<li>Vegano<\/li>\n<li>Sin gluten<\/li>\n<li>Sin lactosa<\/li>\n<li>Sin OGM<\/li>\n<li>Fabricado seg\u00fan los estrictos est\u00e1ndares de calidad de la UE.<\/li>\n<\/ul>\n","protected":false},"excerpt":{"rendered":"<p>Seis extractos vegetales seleccionados en dosis elevadas constituyen la base de Kidney Essentials. Extractos de alta calidad de astr\u00e1galo, ortiga, guinda, corteza de pino, apio y vara de oro. Vegano Sin gluten Sin lactosa Sin OGM Fabricado seg\u00fan los estrictos est\u00e1ndares de calidad de la UE.<\/p>\n","protected":false},"featured_media":65426,"template":"","meta":{"_acf_changed":false},"product_brand":[10201],"product_cat":[350,363],"product_tag":[],"class_list":{"0":"post-65430","1":"product","2":"type-product","3":"status-publish","4":"has-post-thumbnail","6":"product_brand-gen-german-elite-nutrition-es","7":"product_cat-nutrientes","8":"product_cat-productos-de-a-z","10":"first","11":"instock","12":"taxable","13":"shipping-taxable","14":"purchasable","15":"product-type-simple"},"acf":[],"_links":{"self":[{"href":"https:\/\/vitalstoffversand.com\/es\/wp-json\/wp\/v2\/product\/65430","targetHints":{"allow":["GET"]}}],"collection":[{"href":"https:\/\/vitalstoffversand.com\/es\/wp-json\/wp\/v2\/product"}],"about":[{"href":"https:\/\/vitalstoffversand.com\/es\/wp-json\/wp\/v2\/types\/product"}],"wp:featuredmedia":[{"embeddable":true,"href":"https:\/\/vitalstoffversand.com\/es\/wp-json\/wp\/v2\/media\/65426"}],"wp:attachment":[{"href":"https:\/\/vitalstoffversand.com\/es\/wp-json\/wp\/v2\/media?parent=65430"}],"wp:term":[{"taxonomy":"product_brand","embeddable":true,"href":"https:\/\/vitalstoffversand.com\/es\/wp-json\/wp\/v2\/product_brand?post=65430"},{"taxonomy":"product_cat","embeddable":true,"href":"https:\/\/vitalstoffversand.com\/es\/wp-json\/wp\/v2\/product_cat?post=65430"},{"taxonomy":"product_tag","embeddable":true,"href":"https:\/\/vitalstoffversand.com\/es\/wp-json\/wp\/v2\/product_tag?post=65430"}],"curies":[{"name":"wp","href":"https:\/\/api.w.org\/{rel}","templated":true}]}}