{"id":65425,"date":"2026-01-13T15:08:04","date_gmt":"2026-01-13T14:08:04","guid":{"rendered":"https:\/\/vitalstoffversand.com\/produkt\/gen-immunity-essentials-180-capsulas\/"},"modified":"2026-03-21T15:52:27","modified_gmt":"2026-03-21T14:52:27","slug":"gen-immunity-essentials-180-capsulas","status":"publish","type":"product","link":"https:\/\/vitalstoffversand.com\/es\/producto\/gen-immunity-essentials-180-capsulas\/","title":{"rendered":"GEN <br>Immunity Essentials &#8211; 180 c\u00e1psulas"},"content":{"rendered":"<p>Immunity Essentials es una combinaci\u00f3n de 10 ingredientes o extractos de primera calidad cuidadosamente seleccionados que se complementan de forma sin\u00e9rgica.<\/p>\n<p>Adem\u00e1s de vitamina C y zinc, contiene vitamina D3 de origen vegetal (RAWD3\u00ae), que contribuye al funcionamiento normal del sistema inmunitario, as\u00ed como extractos de t\u00e9 verde, equin\u00e1cea, sa\u00faco y corteza de pino, adem\u00e1s de betaglucanos y quercetina.<\/p>\n<ul>\n<li>Vegano<\/li>\n<li>Sin gluten<\/li>\n<li>Sin lactosa<\/li>\n<li>Sin OGM<\/li>\n<li>Fabricado seg\u00fan los estrictos est\u00e1ndares de calidad de la UE.<\/li>\n<\/ul>\n","protected":false},"excerpt":{"rendered":"<p>Immunity Essentials es una combinaci\u00f3n de 10 ingredientes o extractos de primera calidad cuidadosamente seleccionados que se complementan de forma sin\u00e9rgica. Adem\u00e1s de vitamina C y zinc, contiene vitamina D3 de origen vegetal (RAWD3\u00ae), que contribuye al funcionamiento normal del sistema inmunitario, as\u00ed como extractos de t\u00e9 verde, equin\u00e1cea, sa\u00faco y corteza de pino, adem\u00e1s [&hellip;]<\/p>\n","protected":false},"featured_media":65422,"template":"","meta":{"_acf_changed":false},"product_brand":[10201],"product_cat":[350,363],"product_tag":[],"class_list":{"0":"post-65425","1":"product","2":"type-product","3":"status-publish","4":"has-post-thumbnail","6":"product_brand-gen-german-elite-nutrition-es","7":"product_cat-nutrientes","8":"product_cat-productos-de-a-z","10":"first","11":"instock","12":"taxable","13":"shipping-taxable","14":"purchasable","15":"product-type-simple"},"acf":[],"_links":{"self":[{"href":"https:\/\/vitalstoffversand.com\/es\/wp-json\/wp\/v2\/product\/65425","targetHints":{"allow":["GET"]}}],"collection":[{"href":"https:\/\/vitalstoffversand.com\/es\/wp-json\/wp\/v2\/product"}],"about":[{"href":"https:\/\/vitalstoffversand.com\/es\/wp-json\/wp\/v2\/types\/product"}],"wp:featuredmedia":[{"embeddable":true,"href":"https:\/\/vitalstoffversand.com\/es\/wp-json\/wp\/v2\/media\/65422"}],"wp:attachment":[{"href":"https:\/\/vitalstoffversand.com\/es\/wp-json\/wp\/v2\/media?parent=65425"}],"wp:term":[{"taxonomy":"product_brand","embeddable":true,"href":"https:\/\/vitalstoffversand.com\/es\/wp-json\/wp\/v2\/product_brand?post=65425"},{"taxonomy":"product_cat","embeddable":true,"href":"https:\/\/vitalstoffversand.com\/es\/wp-json\/wp\/v2\/product_cat?post=65425"},{"taxonomy":"product_tag","embeddable":true,"href":"https:\/\/vitalstoffversand.com\/es\/wp-json\/wp\/v2\/product_tag?post=65425"}],"curies":[{"name":"wp","href":"https:\/\/api.w.org\/{rel}","templated":true}]}}