{"id":65401,"date":"2025-10-01T15:31:28","date_gmt":"2025-10-01T13:31:28","guid":{"rendered":"https:\/\/vitalstoffversand.com\/produkt\/gen-invictus-gda-120-capsulas\/"},"modified":"2026-03-21T15:53:25","modified_gmt":"2026-03-21T14:53:25","slug":"gen-invictus-gda-120-capsulas","status":"publish","type":"product","link":"https:\/\/vitalstoffversand.com\/es\/producto\/gen-invictus-gda-120-capsulas\/","title":{"rendered":"GEN <br>Invictus GDA &#8211; 120 c\u00e1psulas"},"content":{"rendered":"<p>GEN Invictus GDA es una edici\u00f3n exclusiva desarrollada en colaboraci\u00f3n con el entrenador de deportistas profesionales Max Madsen.<\/p>\n<p>Un total de 5 extractos vegetales cuidadosamente seleccionados y en altas dosis, como la berberina, el Cinnulin PF\u00ae, el \u00e1cido R-alfa-lipoico y la gymnema, conforman aqu\u00ed un eficaz agente de eliminaci\u00f3n de glucosa (GDA).<\/p>\n<p>Dise\u00f1ado especialmente para deportistas ambiciosos y para quienes llevan un estilo de vida centrado en el fitness.<\/p>\n<ul>\n<li>Vegano<\/li>\n<li>Sin gluten<\/li>\n<li>Sin lactosa<\/li>\n<li>Sin OGM<\/li>\n<li>Fabricado seg\u00fan los estrictos est\u00e1ndares de calidad de la UE.<\/li>\n<\/ul>\n","protected":false},"excerpt":{"rendered":"<p>GEN Invictus GDA es una edici\u00f3n exclusiva desarrollada en colaboraci\u00f3n con el entrenador de deportistas profesionales Max Madsen. Un total de 5 extractos vegetales cuidadosamente seleccionados y en altas dosis, como la berberina, el Cinnulin PF\u00ae, el \u00e1cido R-alfa-lipoico y la gymnema, conforman aqu\u00ed un eficaz agente de eliminaci\u00f3n de glucosa (GDA). Dise\u00f1ado especialmente para [&hellip;]<\/p>\n","protected":false},"featured_media":60147,"template":"","meta":{"_acf_changed":false},"product_brand":[10201],"product_cat":[350,363],"product_tag":[],"class_list":{"0":"post-65401","1":"product","2":"type-product","3":"status-publish","4":"has-post-thumbnail","6":"product_brand-gen-german-elite-nutrition-es","7":"product_cat-nutrientes","8":"product_cat-productos-de-a-z","10":"first","11":"instock","12":"taxable","13":"shipping-taxable","14":"purchasable","15":"product-type-simple"},"acf":[],"_links":{"self":[{"href":"https:\/\/vitalstoffversand.com\/es\/wp-json\/wp\/v2\/product\/65401","targetHints":{"allow":["GET"]}}],"collection":[{"href":"https:\/\/vitalstoffversand.com\/es\/wp-json\/wp\/v2\/product"}],"about":[{"href":"https:\/\/vitalstoffversand.com\/es\/wp-json\/wp\/v2\/types\/product"}],"wp:featuredmedia":[{"embeddable":true,"href":"https:\/\/vitalstoffversand.com\/es\/wp-json\/wp\/v2\/media\/60147"}],"wp:attachment":[{"href":"https:\/\/vitalstoffversand.com\/es\/wp-json\/wp\/v2\/media?parent=65401"}],"wp:term":[{"taxonomy":"product_brand","embeddable":true,"href":"https:\/\/vitalstoffversand.com\/es\/wp-json\/wp\/v2\/product_brand?post=65401"},{"taxonomy":"product_cat","embeddable":true,"href":"https:\/\/vitalstoffversand.com\/es\/wp-json\/wp\/v2\/product_cat?post=65401"},{"taxonomy":"product_tag","embeddable":true,"href":"https:\/\/vitalstoffversand.com\/es\/wp-json\/wp\/v2\/product_tag?post=65401"}],"curies":[{"name":"wp","href":"https:\/\/api.w.org\/{rel}","templated":true}]}}