{"id":65388,"date":"2025-11-30T12:52:26","date_gmt":"2025-11-30T11:52:26","guid":{"rendered":"https:\/\/vitalstoffversand.com\/produkt\/gen-creatina-ultra-tabs-300-comprimidos\/"},"modified":"2026-03-21T15:52:46","modified_gmt":"2026-03-21T14:52:46","slug":"gen-creatina-ultra-tabs-300-comprimidos","status":"publish","type":"product","link":"https:\/\/vitalstoffversand.com\/es\/producto\/gen-creatina-ultra-tabs-300-comprimidos\/","title":{"rendered":"GEN <br>Creatina Ultra Tabs &#8211; 300 comprimidos"},"content":{"rendered":"<p><span style=\"color: #0000ff;\"><strong><a href=\"https:\/\/vitalstoffversand.com\/knowledge-base\/creatin-kreatin\/\" target=\"_blank\" rel=\"noopener\">\u2192 Las Creatin<\/a><\/strong><\/span> Ultra Caps de GEN te aportan, en 3 comprimidos, exactamente la cantidad de monohidrato de creatina puro que, seg\u00fan numerosos estudios, se considera eficaz.<\/p>\n<p>Gracias a su formato en comprimidos, ya no tendr\u00e1s que molestarte en mezclarla y podr\u00e1s tomar tu creatina en cualquier lugar.<\/p>\n<ul>\n<li>Vegano<\/li>\n<li>Sin gluten<\/li>\n<li>Sin lactosa<\/li>\n<li>Sin OGM<\/li>\n<li>Fabricado seg\u00fan los estrictos est\u00e1ndares de calidad de la UE.<\/li>\n<\/ul>\n","protected":false},"excerpt":{"rendered":"<p>\u2192 Las Creatin Ultra Caps de GEN te aportan, en 3 comprimidos, exactamente la cantidad de monohidrato de creatina puro que, seg\u00fan numerosos estudios, se considera eficaz. Gracias a su formato en comprimidos, ya no tendr\u00e1s que molestarte en mezclarla y podr\u00e1s tomar tu creatina en cualquier lugar. Vegano Sin gluten Sin lactosa Sin OGM [&hellip;]<\/p>\n","protected":false},"featured_media":65383,"template":"","meta":{"_acf_changed":false},"product_brand":[10201],"product_cat":[351,363],"product_tag":[],"class_list":{"0":"post-65388","1":"product","2":"type-product","3":"status-publish","4":"has-post-thumbnail","6":"product_brand-gen-german-elite-nutrition-es","7":"product_cat-deporte-suplementario","8":"product_cat-productos-de-a-z","10":"first","11":"instock","12":"taxable","13":"shipping-taxable","14":"purchasable","15":"product-type-simple"},"acf":[],"_links":{"self":[{"href":"https:\/\/vitalstoffversand.com\/es\/wp-json\/wp\/v2\/product\/65388","targetHints":{"allow":["GET"]}}],"collection":[{"href":"https:\/\/vitalstoffversand.com\/es\/wp-json\/wp\/v2\/product"}],"about":[{"href":"https:\/\/vitalstoffversand.com\/es\/wp-json\/wp\/v2\/types\/product"}],"wp:featuredmedia":[{"embeddable":true,"href":"https:\/\/vitalstoffversand.com\/es\/wp-json\/wp\/v2\/media\/65383"}],"wp:attachment":[{"href":"https:\/\/vitalstoffversand.com\/es\/wp-json\/wp\/v2\/media?parent=65388"}],"wp:term":[{"taxonomy":"product_brand","embeddable":true,"href":"https:\/\/vitalstoffversand.com\/es\/wp-json\/wp\/v2\/product_brand?post=65388"},{"taxonomy":"product_cat","embeddable":true,"href":"https:\/\/vitalstoffversand.com\/es\/wp-json\/wp\/v2\/product_cat?post=65388"},{"taxonomy":"product_tag","embeddable":true,"href":"https:\/\/vitalstoffversand.com\/es\/wp-json\/wp\/v2\/product_tag?post=65388"}],"curies":[{"name":"wp","href":"https:\/\/api.w.org\/{rel}","templated":true}]}}