{"id":65340,"date":"2025-09-19T17:16:38","date_gmt":"2025-09-19T15:16:38","guid":{"rendered":"https:\/\/vitalstoffversand.com\/produkt\/gen-l-taurine-ultra-caps-365-capsulas\/"},"modified":"2026-03-21T15:53:43","modified_gmt":"2026-03-21T14:53:43","slug":"gen-l-taurine-ultra-caps-365-capsulas","status":"publish","type":"product","link":"https:\/\/vitalstoffversand.com\/es\/producto\/gen-l-taurine-ultra-caps-365-capsulas\/","title":{"rendered":"GEN <br>L-Taurine Ultra Caps &#8211; 365 c\u00e1psulas"},"content":{"rendered":"<p>El amino\u00e1cido L-taurina es, desde hace a\u00f1os, un componente habitual de los potenciadores funcionales y las bebidas energ\u00e9ticas, y aqu\u00ed se puede adquirir en su forma pura.<\/p>\n<p>Las c\u00e1psulas son f\u00e1ciles de llevar y son ideales si se quiere tomar el producto poco antes del entrenamiento.<\/p>\n<ul>\n<li>Sin gluten<\/li>\n<li>Sin lactosa<\/li>\n<li>Sin OGM<\/li>\n<li>Fabricado seg\u00fan los estrictos est\u00e1ndares de calidad de la UE.<\/li>\n<\/ul>\n","protected":false},"excerpt":{"rendered":"<p>El amino\u00e1cido L-taurina es, desde hace a\u00f1os, un componente habitual de los potenciadores funcionales y las bebidas energ\u00e9ticas, y aqu\u00ed se puede adquirir en su forma pura. Las c\u00e1psulas son f\u00e1ciles de llevar y son ideales si se quiere tomar el producto poco antes del entrenamiento. Sin gluten Sin lactosa Sin OGM Fabricado seg\u00fan los [&hellip;]<\/p>\n","protected":false},"featured_media":48912,"template":"","meta":{"_acf_changed":false},"product_brand":[10201],"product_cat":[351,363],"product_tag":[],"class_list":{"0":"post-65340","1":"product","2":"type-product","3":"status-publish","4":"has-post-thumbnail","6":"product_brand-gen-german-elite-nutrition-es","7":"product_cat-deporte-suplementario","8":"product_cat-productos-de-a-z","10":"first","11":"instock","12":"taxable","13":"shipping-taxable","14":"purchasable","15":"product-type-simple"},"acf":[],"_links":{"self":[{"href":"https:\/\/vitalstoffversand.com\/es\/wp-json\/wp\/v2\/product\/65340","targetHints":{"allow":["GET"]}}],"collection":[{"href":"https:\/\/vitalstoffversand.com\/es\/wp-json\/wp\/v2\/product"}],"about":[{"href":"https:\/\/vitalstoffversand.com\/es\/wp-json\/wp\/v2\/types\/product"}],"wp:featuredmedia":[{"embeddable":true,"href":"https:\/\/vitalstoffversand.com\/es\/wp-json\/wp\/v2\/media\/48912"}],"wp:attachment":[{"href":"https:\/\/vitalstoffversand.com\/es\/wp-json\/wp\/v2\/media?parent=65340"}],"wp:term":[{"taxonomy":"product_brand","embeddable":true,"href":"https:\/\/vitalstoffversand.com\/es\/wp-json\/wp\/v2\/product_brand?post=65340"},{"taxonomy":"product_cat","embeddable":true,"href":"https:\/\/vitalstoffversand.com\/es\/wp-json\/wp\/v2\/product_cat?post=65340"},{"taxonomy":"product_tag","embeddable":true,"href":"https:\/\/vitalstoffversand.com\/es\/wp-json\/wp\/v2\/product_tag?post=65340"}],"curies":[{"name":"wp","href":"https:\/\/api.w.org\/{rel}","templated":true}]}}