{"id":65329,"date":"2025-09-19T16:33:24","date_gmt":"2025-09-19T14:33:24","guid":{"rendered":"https:\/\/vitalstoffversand.com\/produkt\/gen-aakg-ultra-caps-365-capsulas\/"},"modified":"2026-03-21T15:53:47","modified_gmt":"2026-03-21T14:53:47","slug":"gen-aakg-ultra-caps-365-capsulas","status":"publish","type":"product","link":"https:\/\/vitalstoffversand.com\/es\/producto\/gen-aakg-ultra-caps-365-capsulas\/","title":{"rendered":"GEN <br>AAKG Ultra Caps &#8211; 365 c\u00e1psulas"},"content":{"rendered":"<p>Alfa-cetoglutarato de arginina en una proporci\u00f3n \u00f3ptima de 2:1.<\/p>\n<p>Las c\u00e1psulas de alta dosis son f\u00e1ciles de tragar y son perfectas para llevar contigo y para tomar antes del entrenamiento.<\/p>\n<ul>\n<li>Sin gluten<\/li>\n<li>Sin lactosa<\/li>\n<li>Sin OGM<\/li>\n<li>Fabricado seg\u00fan los estrictos est\u00e1ndares de calidad de la UE.<\/li>\n<\/ul>\n","protected":false},"excerpt":{"rendered":"<p>Alfa-cetoglutarato de arginina en una proporci\u00f3n \u00f3ptima de 2:1. Las c\u00e1psulas de alta dosis son f\u00e1ciles de tragar y son perfectas para llevar contigo y para tomar antes del entrenamiento. Sin gluten Sin lactosa Sin OGM Fabricado seg\u00fan los estrictos est\u00e1ndares de calidad de la UE.<\/p>\n","protected":false},"featured_media":48904,"template":"","meta":{"_acf_changed":false},"product_brand":[10201],"product_cat":[334,363],"product_tag":[],"class_list":{"0":"post-65329","1":"product","2":"type-product","3":"status-publish","4":"has-post-thumbnail","6":"product_brand-gen-german-elite-nutrition-es","7":"product_cat-aminoacidos","8":"product_cat-productos-de-a-z","10":"first","11":"instock","12":"taxable","13":"shipping-taxable","14":"purchasable","15":"product-type-simple"},"acf":[],"_links":{"self":[{"href":"https:\/\/vitalstoffversand.com\/es\/wp-json\/wp\/v2\/product\/65329","targetHints":{"allow":["GET"]}}],"collection":[{"href":"https:\/\/vitalstoffversand.com\/es\/wp-json\/wp\/v2\/product"}],"about":[{"href":"https:\/\/vitalstoffversand.com\/es\/wp-json\/wp\/v2\/types\/product"}],"wp:featuredmedia":[{"embeddable":true,"href":"https:\/\/vitalstoffversand.com\/es\/wp-json\/wp\/v2\/media\/48904"}],"wp:attachment":[{"href":"https:\/\/vitalstoffversand.com\/es\/wp-json\/wp\/v2\/media?parent=65329"}],"wp:term":[{"taxonomy":"product_brand","embeddable":true,"href":"https:\/\/vitalstoffversand.com\/es\/wp-json\/wp\/v2\/product_brand?post=65329"},{"taxonomy":"product_cat","embeddable":true,"href":"https:\/\/vitalstoffversand.com\/es\/wp-json\/wp\/v2\/product_cat?post=65329"},{"taxonomy":"product_tag","embeddable":true,"href":"https:\/\/vitalstoffversand.com\/es\/wp-json\/wp\/v2\/product_tag?post=65329"}],"curies":[{"name":"wp","href":"https:\/\/api.w.org\/{rel}","templated":true}]}}