{"id":65320,"date":"2025-09-19T15:58:56","date_gmt":"2025-09-19T13:58:56","guid":{"rendered":"https:\/\/vitalstoffversand.com\/produkt\/gen-focus-to-the-limit-240-g-varios-sabores\/"},"modified":"2026-03-13T14:07:20","modified_gmt":"2026-03-13T13:07:20","slug":"gen-focus-to-the-limit-240-g-varios-sabores","status":"publish","type":"product","link":"https:\/\/vitalstoffversand.com\/es\/producto\/gen-focus-to-the-limit-240-g-varios-sabores\/","title":{"rendered":"GEN <br>Focus to the Limit &#8211; 240 g &#8211; diferentes sabores"},"content":{"rendered":"<p>Focus to the Limit, con cafe\u00edna, ginseng, rodiola rosea, ginkgo, L-tirosina y taurina, te aporta justo lo que necesitas para mantener tu concentraci\u00f3n mental.<\/p>\n<p>Adem\u00e1s, contiene vitaminas B1, B3, B6, B12 y \u00e1cido f\u00f3lico.<\/p>\n<p>En este caso, los ingredientes act\u00faan m\u00e1s bien como un est\u00edmulo suave y no como un potenciador potente.<\/p>\n<ul>\n<li>Vegano<\/li>\n<li>Sin gluten<\/li>\n<li>Sin lactosa<\/li>\n<li>Sin OGM<\/li>\n<li>Fabricado seg\u00fan los estrictos est\u00e1ndares de calidad de la UE.<\/li>\n<\/ul>\n","protected":false},"excerpt":{"rendered":"<p>Focus to the Limit, con cafe\u00edna, ginseng, rodiola rosea, ginkgo, L-tirosina y taurina, te aporta justo lo que necesitas para mantener tu concentraci\u00f3n mental. Adem\u00e1s, contiene vitaminas B1, B3, B6, B12 y \u00e1cido f\u00f3lico. En este caso, los ingredientes act\u00faan m\u00e1s bien como un est\u00edmulo suave y no como un potenciador potente. Vegano Sin gluten [&hellip;]<\/p>\n","protected":false},"featured_media":48816,"template":"","meta":{"_acf_changed":false},"product_brand":[10201],"product_cat":[351,363],"product_tag":[],"class_list":{"0":"post-65320","1":"product","2":"type-product","3":"status-publish","4":"has-post-thumbnail","6":"product_brand-gen-german-elite-nutrition-es","7":"product_cat-deporte-suplementario","8":"product_cat-productos-de-a-z","10":"first","11":"instock","12":"taxable","13":"shipping-taxable","14":"purchasable","15":"product-type-variable"},"acf":[],"_links":{"self":[{"href":"https:\/\/vitalstoffversand.com\/es\/wp-json\/wp\/v2\/product\/65320","targetHints":{"allow":["GET"]}}],"collection":[{"href":"https:\/\/vitalstoffversand.com\/es\/wp-json\/wp\/v2\/product"}],"about":[{"href":"https:\/\/vitalstoffversand.com\/es\/wp-json\/wp\/v2\/types\/product"}],"wp:featuredmedia":[{"embeddable":true,"href":"https:\/\/vitalstoffversand.com\/es\/wp-json\/wp\/v2\/media\/48816"}],"wp:attachment":[{"href":"https:\/\/vitalstoffversand.com\/es\/wp-json\/wp\/v2\/media?parent=65320"}],"wp:term":[{"taxonomy":"product_brand","embeddable":true,"href":"https:\/\/vitalstoffversand.com\/es\/wp-json\/wp\/v2\/product_brand?post=65320"},{"taxonomy":"product_cat","embeddable":true,"href":"https:\/\/vitalstoffversand.com\/es\/wp-json\/wp\/v2\/product_cat?post=65320"},{"taxonomy":"product_tag","embeddable":true,"href":"https:\/\/vitalstoffversand.com\/es\/wp-json\/wp\/v2\/product_tag?post=65320"}],"curies":[{"name":"wp","href":"https:\/\/api.w.org\/{rel}","templated":true}]}}