{"id":65294,"date":"2025-09-19T15:51:06","date_gmt":"2025-09-19T13:51:06","guid":{"rendered":"https:\/\/vitalstoffversand.com\/produkt\/gen-l-glutamina-con-sabor-750-g-varios-sabores\/"},"modified":"2025-09-19T15:51:06","modified_gmt":"2025-09-19T13:51:06","slug":"gen-l-glutamina-con-sabor-750-g-varios-sabores","status":"publish","type":"product","link":"https:\/\/vitalstoffversand.com\/es\/producto\/gen-l-glutamina-con-sabor-750-g-varios-sabores\/","title":{"rendered":"GEN <br>L-glutamina con sabor &#8211; 750 g &#8211; diferentes sabores"},"content":{"rendered":"<p>GEN Flavoured L-Glutamine+ es una L-glutamina en dosis elevadas con taurina y un refrescante sabor a lim\u00f3n o naranja.<\/p>\n<p>El producto destaca por su alta calidad, su buena solubilidad y su excelente sabor sin az\u00facar.<\/p>\n<ul>\n<li>Vegano<\/li>\n<li>Sin gluten<\/li>\n<li>Sin lactosa<\/li>\n<li>Sin OGM<\/li>\n<li>Fabricado seg\u00fan los estrictos est\u00e1ndares de calidad de la UE.<\/li>\n<\/ul>\n","protected":false},"excerpt":{"rendered":"<p>GEN Flavoured L-Glutamine+ es una L-glutamina en dosis elevadas con taurina y un refrescante sabor a lim\u00f3n o naranja. El producto destaca por su alta calidad, su buena solubilidad y su excelente sabor sin az\u00facar. Vegano Sin gluten Sin lactosa Sin OGM Fabricado seg\u00fan los estrictos est\u00e1ndares de calidad de la UE.<\/p>\n","protected":false},"featured_media":48688,"template":"","meta":{"_acf_changed":false},"product_brand":[10201],"product_cat":[334,363],"product_tag":[],"class_list":{"0":"post-65294","1":"product","2":"type-product","3":"status-publish","4":"has-post-thumbnail","6":"product_brand-gen-german-elite-nutrition-es","7":"product_cat-aminoacidos","8":"product_cat-productos-de-a-z","10":"first","11":"instock","12":"taxable","13":"shipping-taxable","14":"purchasable","15":"product-type-variable"},"acf":[],"_links":{"self":[{"href":"https:\/\/vitalstoffversand.com\/es\/wp-json\/wp\/v2\/product\/65294","targetHints":{"allow":["GET"]}}],"collection":[{"href":"https:\/\/vitalstoffversand.com\/es\/wp-json\/wp\/v2\/product"}],"about":[{"href":"https:\/\/vitalstoffversand.com\/es\/wp-json\/wp\/v2\/types\/product"}],"wp:featuredmedia":[{"embeddable":true,"href":"https:\/\/vitalstoffversand.com\/es\/wp-json\/wp\/v2\/media\/48688"}],"wp:attachment":[{"href":"https:\/\/vitalstoffversand.com\/es\/wp-json\/wp\/v2\/media?parent=65294"}],"wp:term":[{"taxonomy":"product_brand","embeddable":true,"href":"https:\/\/vitalstoffversand.com\/es\/wp-json\/wp\/v2\/product_brand?post=65294"},{"taxonomy":"product_cat","embeddable":true,"href":"https:\/\/vitalstoffversand.com\/es\/wp-json\/wp\/v2\/product_cat?post=65294"},{"taxonomy":"product_tag","embeddable":true,"href":"https:\/\/vitalstoffversand.com\/es\/wp-json\/wp\/v2\/product_tag?post=65294"}],"curies":[{"name":"wp","href":"https:\/\/api.w.org\/{rel}","templated":true}]}}