{"id":65249,"date":"2025-06-11T17:55:46","date_gmt":"2025-06-11T15:55:46","guid":{"rendered":"https:\/\/vitalstoffversand.com\/produkt\/gen-creatina-con-sabor-550-g-varios-sabores\/"},"modified":"2025-06-11T17:55:46","modified_gmt":"2025-06-11T15:55:46","slug":"gen-creatina-con-sabor-550-g-varios-sabores","status":"publish","type":"product","link":"https:\/\/vitalstoffversand.com\/es\/producto\/gen-creatina-con-sabor-550-g-varios-sabores\/","title":{"rendered":"GEN <br>Creatina con sabor &#8211; 550 g &#8211; diferentes sabores"},"content":{"rendered":"<p>Creatina aromatizada+ con taurina.<\/p>\n<p>Cada raci\u00f3n te aporta 3 g de <span style=\"color: #0000ff;\"><strong><a href=\"https:\/\/vitalstoffversand.com\/knowledge-base\/creatin-kreatin\/\" target=\"_blank\" rel=\"noopener\">\u2192 monohidrato de creatina<\/a><\/strong><\/span> puro y 500 mg de L-taurina.<\/p>\n<p>Aqu\u00ed se unen el sabor y el rendimiento, ya que el polvo est\u00e1 disponible en 8 deliciosos sabores.<\/p>\n<ul>\n<li>Vegano<\/li>\n<li>Sin gluten<\/li>\n<li>Sin lactosa<\/li>\n<li>Sin OGM<\/li>\n<li>Fabricado seg\u00fan los estrictos est\u00e1ndares de calidad de la UE.<\/li>\n<\/ul>\n","protected":false},"excerpt":{"rendered":"<p>Creatina aromatizada+ con taurina. Cada raci\u00f3n te aporta 3 g de \u2192 monohidrato de creatina puro y 500 mg de L-taurina. Aqu\u00ed se unen el sabor y el rendimiento, ya que el polvo est\u00e1 disponible en 8 deliciosos sabores. Vegano Sin gluten Sin lactosa Sin OGM Fabricado seg\u00fan los estrictos est\u00e1ndares de calidad de la [&hellip;]<\/p>\n","protected":false},"featured_media":48520,"template":"","meta":{"_acf_changed":false},"product_brand":[10201],"product_cat":[351,363],"product_tag":[],"class_list":{"0":"post-65249","1":"product","2":"type-product","3":"status-publish","4":"has-post-thumbnail","6":"product_brand-gen-german-elite-nutrition-es","7":"product_cat-deporte-suplementario","8":"product_cat-productos-de-a-z","10":"first","11":"instock","12":"taxable","13":"shipping-taxable","14":"purchasable","15":"product-type-variable"},"acf":[],"_links":{"self":[{"href":"https:\/\/vitalstoffversand.com\/es\/wp-json\/wp\/v2\/product\/65249","targetHints":{"allow":["GET"]}}],"collection":[{"href":"https:\/\/vitalstoffversand.com\/es\/wp-json\/wp\/v2\/product"}],"about":[{"href":"https:\/\/vitalstoffversand.com\/es\/wp-json\/wp\/v2\/types\/product"}],"wp:featuredmedia":[{"embeddable":true,"href":"https:\/\/vitalstoffversand.com\/es\/wp-json\/wp\/v2\/media\/48520"}],"wp:attachment":[{"href":"https:\/\/vitalstoffversand.com\/es\/wp-json\/wp\/v2\/media?parent=65249"}],"wp:term":[{"taxonomy":"product_brand","embeddable":true,"href":"https:\/\/vitalstoffversand.com\/es\/wp-json\/wp\/v2\/product_brand?post=65249"},{"taxonomy":"product_cat","embeddable":true,"href":"https:\/\/vitalstoffversand.com\/es\/wp-json\/wp\/v2\/product_cat?post=65249"},{"taxonomy":"product_tag","embeddable":true,"href":"https:\/\/vitalstoffversand.com\/es\/wp-json\/wp\/v2\/product_tag?post=65249"}],"curies":[{"name":"wp","href":"https:\/\/api.w.org\/{rel}","templated":true}]}}