{"id":65188,"date":"2025-06-11T17:52:05","date_gmt":"2025-06-11T15:52:05","guid":{"rendered":"https:\/\/vitalstoffversand.com\/produkt\/gen-complejo-enzimatico-premium-120-capsulas\/"},"modified":"2025-06-11T17:52:05","modified_gmt":"2025-06-11T15:52:05","slug":"gen-complejo-enzimatico-premium-120-capsulas","status":"publish","type":"product","link":"https:\/\/vitalstoffversand.com\/es\/producto\/gen-complejo-enzimatico-premium-120-capsulas\/","title":{"rendered":"GEN <br>Complejo enzim\u00e1tico Premium &#8211; 120 c\u00e1psulas"},"content":{"rendered":"<p>A pesar de llevar una alimentaci\u00f3n saludable y tomar suplementos de alta calidad, a menudo nos enfrentamos al problema de que los nutrientes no se absorben de forma \u00f3ptima.<\/p>\n<p>Aqu\u00ed es donde entra en juego Enzyme Complex, ya que se compone de una mezcla de enzimas patentadas DigeZyme\u00ae, extractos vegetales, enzimas digestivas y probi\u00f3ticos que pueden ayudar a nuestro sistema digestivo y mejorar la biodisponibilidad de los nutrientes ingeridos.<\/p>\n<ul>\n<li>Vegano<\/li>\n<li>Sin gluten<\/li>\n<li>Sin lactosa<\/li>\n<li>Sin OGM<\/li>\n<li>Fabricado seg\u00fan los estrictos est\u00e1ndares de calidad de la UE.<\/li>\n<\/ul>\n","protected":false},"excerpt":{"rendered":"<p>A pesar de llevar una alimentaci\u00f3n saludable y tomar suplementos de alta calidad, a menudo nos enfrentamos al problema de que los nutrientes no se absorben de forma \u00f3ptima. Aqu\u00ed es donde entra en juego Enzyme Complex, ya que se compone de una mezcla de enzimas patentadas DigeZyme\u00ae, extractos vegetales, enzimas digestivas y probi\u00f3ticos que [&hellip;]<\/p>\n","protected":false},"featured_media":48400,"template":"","meta":{"_acf_changed":false},"product_brand":[10201],"product_cat":[350,363],"product_tag":[],"class_list":{"0":"post-65188","1":"product","2":"type-product","3":"status-publish","4":"has-post-thumbnail","6":"product_brand-gen-german-elite-nutrition-es","7":"product_cat-nutrientes","8":"product_cat-productos-de-a-z","10":"first","11":"instock","12":"taxable","13":"shipping-taxable","14":"purchasable","15":"product-type-simple"},"acf":[],"_links":{"self":[{"href":"https:\/\/vitalstoffversand.com\/es\/wp-json\/wp\/v2\/product\/65188","targetHints":{"allow":["GET"]}}],"collection":[{"href":"https:\/\/vitalstoffversand.com\/es\/wp-json\/wp\/v2\/product"}],"about":[{"href":"https:\/\/vitalstoffversand.com\/es\/wp-json\/wp\/v2\/types\/product"}],"wp:featuredmedia":[{"embeddable":true,"href":"https:\/\/vitalstoffversand.com\/es\/wp-json\/wp\/v2\/media\/48400"}],"wp:attachment":[{"href":"https:\/\/vitalstoffversand.com\/es\/wp-json\/wp\/v2\/media?parent=65188"}],"wp:term":[{"taxonomy":"product_brand","embeddable":true,"href":"https:\/\/vitalstoffversand.com\/es\/wp-json\/wp\/v2\/product_brand?post=65188"},{"taxonomy":"product_cat","embeddable":true,"href":"https:\/\/vitalstoffversand.com\/es\/wp-json\/wp\/v2\/product_cat?post=65188"},{"taxonomy":"product_tag","embeddable":true,"href":"https:\/\/vitalstoffversand.com\/es\/wp-json\/wp\/v2\/product_tag?post=65188"}],"curies":[{"name":"wp","href":"https:\/\/api.w.org\/{rel}","templated":true}]}}