{"id":65153,"date":"2025-06-11T17:54:17","date_gmt":"2025-06-11T15:54:17","guid":{"rendered":"https:\/\/vitalstoffversand.com\/produkt\/gen-intra-charge-1200-g-varios-sabores\/"},"modified":"2025-06-11T17:54:17","modified_gmt":"2025-06-11T15:54:17","slug":"gen-intra-charge-1200-g-varios-sabores","status":"publish","type":"product","link":"https:\/\/vitalstoffversand.com\/es\/producto\/gen-intra-charge-1200-g-varios-sabores\/","title":{"rendered":"GEN <br>Intra Charge &#8211; 1200 g &#8211; diferentes sabores"},"content":{"rendered":"<p>Intra Charge te aporta energ\u00eda de r\u00e1pida absorci\u00f3n, amino\u00e1cidos esenciales y una combinaci\u00f3n equilibrada de electrolitos.<\/p>\n<p>Combina la funcionalidad con un sabor refrescante en los sabores naranja, kiwi o mel\u00f3n durante tus sesiones de entrenamiento intensas.<\/p>\n<ul>\n<li>Vegano<\/li>\n<li>Sin gluten<\/li>\n<li>Sin lactosa<\/li>\n<li>Sin OGM<\/li>\n<li>Fabricado seg\u00fan los estrictos est\u00e1ndares de calidad de la UE.<\/li>\n<\/ul>\n","protected":false},"excerpt":{"rendered":"<p>Intra Charge te aporta energ\u00eda de r\u00e1pida absorci\u00f3n, amino\u00e1cidos esenciales y una combinaci\u00f3n equilibrada de electrolitos. Combina la funcionalidad con un sabor refrescante en los sabores naranja, kiwi o mel\u00f3n durante tus sesiones de entrenamiento intensas. Vegano Sin gluten Sin lactosa Sin OGM Fabricado seg\u00fan los estrictos est\u00e1ndares de calidad de la UE.<\/p>\n","protected":false},"featured_media":48328,"template":"","meta":{"_acf_changed":false},"product_brand":[10201],"product_cat":[351,363],"product_tag":[],"class_list":{"0":"post-65153","1":"product","2":"type-product","3":"status-publish","4":"has-post-thumbnail","6":"product_brand-gen-german-elite-nutrition-es","7":"product_cat-deporte-suplementario","8":"product_cat-productos-de-a-z","10":"first","11":"instock","12":"taxable","13":"shipping-taxable","14":"purchasable","15":"product-type-variable"},"acf":[],"_links":{"self":[{"href":"https:\/\/vitalstoffversand.com\/es\/wp-json\/wp\/v2\/product\/65153","targetHints":{"allow":["GET"]}}],"collection":[{"href":"https:\/\/vitalstoffversand.com\/es\/wp-json\/wp\/v2\/product"}],"about":[{"href":"https:\/\/vitalstoffversand.com\/es\/wp-json\/wp\/v2\/types\/product"}],"wp:featuredmedia":[{"embeddable":true,"href":"https:\/\/vitalstoffversand.com\/es\/wp-json\/wp\/v2\/media\/48328"}],"wp:attachment":[{"href":"https:\/\/vitalstoffversand.com\/es\/wp-json\/wp\/v2\/media?parent=65153"}],"wp:term":[{"taxonomy":"product_brand","embeddable":true,"href":"https:\/\/vitalstoffversand.com\/es\/wp-json\/wp\/v2\/product_brand?post=65153"},{"taxonomy":"product_cat","embeddable":true,"href":"https:\/\/vitalstoffversand.com\/es\/wp-json\/wp\/v2\/product_cat?post=65153"},{"taxonomy":"product_tag","embeddable":true,"href":"https:\/\/vitalstoffversand.com\/es\/wp-json\/wp\/v2\/product_tag?post=65153"}],"curies":[{"name":"wp","href":"https:\/\/api.w.org\/{rel}","templated":true}]}}