{"id":65152,"date":"2025-06-11T17:50:40","date_gmt":"2025-06-11T15:50:40","guid":{"rendered":"https:\/\/vitalstoffversand.com\/produkt\/gen-shilajit-complex-180-capsulas\/"},"modified":"2025-06-11T17:50:40","modified_gmt":"2025-06-11T15:50:40","slug":"gen-shilajit-complex-180-capsulas","status":"publish","type":"product","link":"https:\/\/vitalstoffversand.com\/es\/producto\/gen-shilajit-complex-180-capsulas\/","title":{"rendered":"GEN <br>Shilajit Complex &#8211; 180 c\u00e1psulas"},"content":{"rendered":"<p>Shilatjit Complex combina los conocimientos ancestrales del ayurveda, la medicina tradicional china (MTC) y la fitoterapia en general con t\u00e9cnicas modernas de extracci\u00f3n.<\/p>\n<p>Este producto te ofrece una f\u00f3rmula de alta concentraci\u00f3n, probada en laboratorio, a base de shilajit, triphala, tulsi, ginseng, schisandra y piperina.<\/p>\n<ul>\n<li>Vegano<\/li>\n<li>Sin gluten<\/li>\n<li>Sin lactosa<\/li>\n<li>Sin OGM<\/li>\n<li>Fabricado seg\u00fan los estrictos est\u00e1ndares de calidad de la UE.<\/li>\n<\/ul>\n","protected":false},"excerpt":{"rendered":"<p>Shilatjit Complex combina los conocimientos ancestrales del ayurveda, la medicina tradicional china (MTC) y la fitoterapia en general con t\u00e9cnicas modernas de extracci\u00f3n. Este producto te ofrece una f\u00f3rmula de alta concentraci\u00f3n, probada en laboratorio, a base de shilajit, triphala, tulsi, ginseng, schisandra y piperina. Vegano Sin gluten Sin lactosa Sin OGM Fabricado seg\u00fan los [&hellip;]<\/p>\n","protected":false},"featured_media":48280,"template":"","meta":{"_acf_changed":false},"product_brand":[10201],"product_cat":[350,363],"product_tag":[],"class_list":{"0":"post-65152","1":"product","2":"type-product","3":"status-publish","4":"has-post-thumbnail","6":"product_brand-gen-german-elite-nutrition-es","7":"product_cat-nutrientes","8":"product_cat-productos-de-a-z","10":"first","11":"instock","12":"taxable","13":"shipping-taxable","14":"purchasable","15":"product-type-simple"},"acf":[],"_links":{"self":[{"href":"https:\/\/vitalstoffversand.com\/es\/wp-json\/wp\/v2\/product\/65152","targetHints":{"allow":["GET"]}}],"collection":[{"href":"https:\/\/vitalstoffversand.com\/es\/wp-json\/wp\/v2\/product"}],"about":[{"href":"https:\/\/vitalstoffversand.com\/es\/wp-json\/wp\/v2\/types\/product"}],"wp:featuredmedia":[{"embeddable":true,"href":"https:\/\/vitalstoffversand.com\/es\/wp-json\/wp\/v2\/media\/48280"}],"wp:attachment":[{"href":"https:\/\/vitalstoffversand.com\/es\/wp-json\/wp\/v2\/media?parent=65152"}],"wp:term":[{"taxonomy":"product_brand","embeddable":true,"href":"https:\/\/vitalstoffversand.com\/es\/wp-json\/wp\/v2\/product_brand?post=65152"},{"taxonomy":"product_cat","embeddable":true,"href":"https:\/\/vitalstoffversand.com\/es\/wp-json\/wp\/v2\/product_cat?post=65152"},{"taxonomy":"product_tag","embeddable":true,"href":"https:\/\/vitalstoffversand.com\/es\/wp-json\/wp\/v2\/product_tag?post=65152"}],"curies":[{"name":"wp","href":"https:\/\/api.w.org\/{rel}","templated":true}]}}