{"id":65115,"date":"2025-06-11T17:44:36","date_gmt":"2025-06-11T15:44:36","guid":{"rendered":"https:\/\/vitalstoffversand.com\/produkt\/gen-isomax-1000-g-diferentes-variedades\/"},"modified":"2025-06-11T17:44:36","modified_gmt":"2025-06-11T15:44:36","slug":"gen-isomax-1000-g-diferentes-variedades","status":"publish","type":"product","link":"https:\/\/vitalstoffversand.com\/es\/producto\/gen-isomax-1000-g-diferentes-variedades\/","title":{"rendered":"GEN <br>Isomax &#8211; 1000 g &#8211; diferentes sabores"},"content":{"rendered":"<p>Isomax proporciona una combinaci\u00f3n de carbohidratos de r\u00e1pida absorci\u00f3n, electrolitos funcionales y micronutrientes seleccionados, especialmente adaptados a las fases previas y posteriores al entrenamiento.<\/p>\n<p>El producto es adecuado para deportistas de todas las categor\u00edas y disciplinas, pero tambi\u00e9n para otras personas que realizan actividades que les hacen sudar.<\/p>\n<ul>\n<li>Vegano<\/li>\n<li>Sin gluten<\/li>\n<li>Sin lactosa<\/li>\n<li>Sin OGM<\/li>\n<li>Fabricado seg\u00fan los estrictos est\u00e1ndares de calidad de la UE.<\/li>\n<\/ul>\n","protected":false},"excerpt":{"rendered":"<p>Isomax proporciona una combinaci\u00f3n de carbohidratos de r\u00e1pida absorci\u00f3n, electrolitos funcionales y micronutrientes seleccionados, especialmente adaptados a las fases previas y posteriores al entrenamiento. El producto es adecuado para deportistas de todas las categor\u00edas y disciplinas, pero tambi\u00e9n para otras personas que realizan actividades que les hacen sudar. Vegano Sin gluten Sin lactosa Sin OGM [&hellip;]<\/p>\n","protected":false},"featured_media":48176,"template":"","meta":{"_acf_changed":false},"product_brand":[10201],"product_cat":[351,363],"product_tag":[],"class_list":{"0":"post-65115","1":"product","2":"type-product","3":"status-publish","4":"has-post-thumbnail","6":"product_brand-gen-german-elite-nutrition-es","7":"product_cat-deporte-suplementario","8":"product_cat-productos-de-a-z","10":"first","11":"instock","12":"taxable","13":"shipping-taxable","14":"purchasable","15":"product-type-variable"},"acf":[],"_links":{"self":[{"href":"https:\/\/vitalstoffversand.com\/es\/wp-json\/wp\/v2\/product\/65115","targetHints":{"allow":["GET"]}}],"collection":[{"href":"https:\/\/vitalstoffversand.com\/es\/wp-json\/wp\/v2\/product"}],"about":[{"href":"https:\/\/vitalstoffversand.com\/es\/wp-json\/wp\/v2\/types\/product"}],"wp:featuredmedia":[{"embeddable":true,"href":"https:\/\/vitalstoffversand.com\/es\/wp-json\/wp\/v2\/media\/48176"}],"wp:attachment":[{"href":"https:\/\/vitalstoffversand.com\/es\/wp-json\/wp\/v2\/media?parent=65115"}],"wp:term":[{"taxonomy":"product_brand","embeddable":true,"href":"https:\/\/vitalstoffversand.com\/es\/wp-json\/wp\/v2\/product_brand?post=65115"},{"taxonomy":"product_cat","embeddable":true,"href":"https:\/\/vitalstoffversand.com\/es\/wp-json\/wp\/v2\/product_cat?post=65115"},{"taxonomy":"product_tag","embeddable":true,"href":"https:\/\/vitalstoffversand.com\/es\/wp-json\/wp\/v2\/product_tag?post=65115"}],"curies":[{"name":"wp","href":"https:\/\/api.w.org\/{rel}","templated":true}]}}