{"id":65088,"date":"2025-09-19T13:38:19","date_gmt":"2025-09-19T11:38:19","guid":{"rendered":"https:\/\/vitalstoffversand.com\/produkt\/gen-creatina-hcl-240-capsulas\/"},"modified":"2026-03-21T15:53:55","modified_gmt":"2026-03-21T14:53:55","slug":"gen-creatina-hcl-240-capsulas","status":"publish","type":"product","link":"https:\/\/vitalstoffversand.com\/es\/producto\/gen-creatina-hcl-240-capsulas\/","title":{"rendered":"GEN <br>Creatina HCL &#8211; 240 c\u00e1psulas"},"content":{"rendered":"<p>La creatina HCL es un producto de primera calidad que te aporta 3000 mg de clorhidrato de creatina (HCL) puro por dosis diaria recomendada.<\/p>\n<p><span style=\"color: #0000ff;\"><strong><a href=\"https:\/\/vitalstoffversand.com\/knowledge-base\/creatin-kreatin\/\" target=\"_blank\" rel=\"noopener\">\u2192 La creatina<\/a><\/strong><\/span> tiene una biodisponibilidad especialmente alta en esta forma, por lo que incluso peque\u00f1as cantidades son suficientes para llenar de forma \u00f3ptima tus reservas de energ\u00eda.<\/p>\n<p>En comparaci\u00f3n con la creatina monohidrato, la creatina HCL tiene una mejor solubilidad, se absorbe m\u00e1s f\u00e1cilmente y suele ser m\u00e1s f\u00e1cil de digerir.<\/p>\n<ul>\n<li>Vegano<\/li>\n<li>Sin gluten<\/li>\n<li>Sin lactosa<\/li>\n<li>Sin OGM<\/li>\n<li>Fabricado seg\u00fan los estrictos est\u00e1ndares de calidad de la UE.<\/li>\n<\/ul>\n","protected":false},"excerpt":{"rendered":"<p>La creatina HCL es un producto de primera calidad que te aporta 3000 mg de clorhidrato de creatina (HCL) puro por dosis diaria recomendada. \u2192 La creatina tiene una biodisponibilidad especialmente alta en esta forma, por lo que incluso peque\u00f1as cantidades son suficientes para llenar de forma \u00f3ptima tus reservas de energ\u00eda. En comparaci\u00f3n con [&hellip;]<\/p>\n","protected":false},"featured_media":48112,"template":"","meta":{"_acf_changed":false},"product_brand":[10201],"product_cat":[351,363],"product_tag":[],"class_list":{"0":"post-65088","1":"product","2":"type-product","3":"status-publish","4":"has-post-thumbnail","6":"product_brand-gen-german-elite-nutrition-es","7":"product_cat-deporte-suplementario","8":"product_cat-productos-de-a-z","10":"first","11":"outofstock","12":"taxable","13":"shipping-taxable","14":"purchasable","15":"product-type-simple"},"acf":[],"_links":{"self":[{"href":"https:\/\/vitalstoffversand.com\/es\/wp-json\/wp\/v2\/product\/65088","targetHints":{"allow":["GET"]}}],"collection":[{"href":"https:\/\/vitalstoffversand.com\/es\/wp-json\/wp\/v2\/product"}],"about":[{"href":"https:\/\/vitalstoffversand.com\/es\/wp-json\/wp\/v2\/types\/product"}],"wp:featuredmedia":[{"embeddable":true,"href":"https:\/\/vitalstoffversand.com\/es\/wp-json\/wp\/v2\/media\/48112"}],"wp:attachment":[{"href":"https:\/\/vitalstoffversand.com\/es\/wp-json\/wp\/v2\/media?parent=65088"}],"wp:term":[{"taxonomy":"product_brand","embeddable":true,"href":"https:\/\/vitalstoffversand.com\/es\/wp-json\/wp\/v2\/product_brand?post=65088"},{"taxonomy":"product_cat","embeddable":true,"href":"https:\/\/vitalstoffversand.com\/es\/wp-json\/wp\/v2\/product_cat?post=65088"},{"taxonomy":"product_tag","embeddable":true,"href":"https:\/\/vitalstoffversand.com\/es\/wp-json\/wp\/v2\/product_tag?post=65088"}],"curies":[{"name":"wp","href":"https:\/\/api.w.org\/{rel}","templated":true}]}}