{"id":65026,"date":"2025-09-01T18:54:35","date_gmt":"2025-09-01T16:54:35","guid":{"rendered":"https:\/\/vitalstoffversand.com\/produkt\/vit4ever-dicitrato-de-trimagnesio-365-capsulas\/"},"modified":"2026-03-21T15:54:18","modified_gmt":"2026-03-21T14:54:18","slug":"vit4ever-dicitrato-de-trimagnesio-365-capsulas","status":"publish","type":"product","link":"https:\/\/vitalstoffversand.com\/es\/producto\/vit4ever-dicitrato-de-trimagnesio-365-capsulas\/","title":{"rendered":"Vit4ever <br>Dicitrato de trimagnesio &#8211; 365 c\u00e1psulas"},"content":{"rendered":"<p>En el dicitrato de tri-magnesio, el magnesio est\u00e1 unido al \u00e1cido c\u00edtrico, por lo que se absorbe muy eficazmente y se tolera bien.<\/p>\n<ul>\n<li>Vegano<\/li>\n<li>Sin gluten<\/li>\n<li>Sin lactosa<\/li>\n<li>Sin OGM<\/li>\n<li>Fabricado seg\u00fan los estrictos est\u00e1ndares de calidad de la UE.<\/li>\n<\/ul>\n","protected":false},"excerpt":{"rendered":"<p>En el dicitrato de tri-magnesio, el magnesio est\u00e1 unido al \u00e1cido c\u00edtrico, por lo que se absorbe muy eficazmente y se tolera bien. Vegano Sin gluten Sin lactosa Sin OGM Fabricado seg\u00fan los estrictos est\u00e1ndares de calidad de la UE.<\/p>\n","protected":false},"featured_media":59729,"template":"","meta":{"_acf_changed":false},"product_brand":[10219],"product_cat":[342,363],"product_tag":[],"class_list":{"0":"post-65026","1":"product","2":"type-product","3":"status-publish","4":"has-post-thumbnail","6":"product_brand-vit4ever-es","7":"product_cat-minerales-y-oligoelementos","8":"product_cat-productos-de-a-z","10":"first","11":"instock","12":"taxable","13":"shipping-taxable","14":"purchasable","15":"product-type-simple"},"acf":[],"_links":{"self":[{"href":"https:\/\/vitalstoffversand.com\/es\/wp-json\/wp\/v2\/product\/65026","targetHints":{"allow":["GET"]}}],"collection":[{"href":"https:\/\/vitalstoffversand.com\/es\/wp-json\/wp\/v2\/product"}],"about":[{"href":"https:\/\/vitalstoffversand.com\/es\/wp-json\/wp\/v2\/types\/product"}],"wp:featuredmedia":[{"embeddable":true,"href":"https:\/\/vitalstoffversand.com\/es\/wp-json\/wp\/v2\/media\/59729"}],"wp:attachment":[{"href":"https:\/\/vitalstoffversand.com\/es\/wp-json\/wp\/v2\/media?parent=65026"}],"wp:term":[{"taxonomy":"product_brand","embeddable":true,"href":"https:\/\/vitalstoffversand.com\/es\/wp-json\/wp\/v2\/product_brand?post=65026"},{"taxonomy":"product_cat","embeddable":true,"href":"https:\/\/vitalstoffversand.com\/es\/wp-json\/wp\/v2\/product_cat?post=65026"},{"taxonomy":"product_tag","embeddable":true,"href":"https:\/\/vitalstoffversand.com\/es\/wp-json\/wp\/v2\/product_tag?post=65026"}],"curies":[{"name":"wp","href":"https:\/\/api.w.org\/{rel}","templated":true}]}}