{"id":64982,"date":"2026-03-12T13:13:43","date_gmt":"2026-03-12T12:13:43","guid":{"rendered":"https:\/\/vitalstoffversand.com\/?post_type=product&#038;p=64982"},"modified":"2026-03-21T15:51:58","modified_gmt":"2026-03-21T14:51:58","slug":"nuvi-health-vitamina-a-d3-k2-gotas-50-ml-kopie","status":"publish","type":"product","link":"https:\/\/vitalstoffversand.com\/es\/producto\/nuvi-health-vitamina-a-d3-k2-gotas-50-ml-kopie\/","title":{"rendered":"Nuvi Health <br>Aceite de or\u00e9gano &#8211; 20 ml"},"content":{"rendered":"<p>Aceite de or\u00e9gano procedente de Francia con un 80 % de carvacrol, un 7 % de p-cimol, un 6,5 % de gamma-terceno y un 4,5 % de timol.<\/p>\n<p>El aceite de or\u00e9gano tiene m\u00faltiples usos y posee propiedades muy potentes en muchos \u00e1mbitos.El aceite de or\u00e9gano tiene m\u00faltiples usos y posee propiedades muy potentes en muchos \u00e1mbitos.<\/p>\n<p>El frasco contiene aproximadamente 820 gotas.<\/p>\n<ul>\n<li>Vegetariano<\/li>\n<li>Sin gluten<\/li>\n<li>Sin lactosa<\/li>\n<li>Sin OGM<\/li>\n<li>Fabricado seg\u00fan los estrictos est\u00e1ndares de calidad de la UE.<\/li>\n<\/ul>\n","protected":false},"excerpt":{"rendered":"<p>Aceite de or\u00e9gano procedente de Francia con un 80 % de carvacrol, un 7 % de p-cimol, un 6,5 % de gamma-terceno y un 4,5 % de timol. El aceite de or\u00e9gano tiene m\u00faltiples usos y posee propiedades muy potentes en muchos \u00e1mbitos.El aceite de or\u00e9gano tiene m\u00faltiples usos y posee propiedades muy potentes en [&hellip;]<\/p>\n","protected":false},"featured_media":64991,"template":"","meta":{"_acf_changed":false},"product_brand":[10215],"product_cat":[319,363],"product_tag":[],"class_list":{"0":"post-64982","1":"product","2":"type-product","3":"status-publish","4":"has-post-thumbnail","6":"product_brand-nuvi-health-es","7":"product_cat-primeros-auxilios-y-medicamentos","8":"product_cat-productos-de-a-z","10":"first","11":"instock","12":"sale","13":"taxable","14":"shipping-taxable","15":"purchasable","16":"product-type-simple"},"acf":[],"_links":{"self":[{"href":"https:\/\/vitalstoffversand.com\/es\/wp-json\/wp\/v2\/product\/64982","targetHints":{"allow":["GET"]}}],"collection":[{"href":"https:\/\/vitalstoffversand.com\/es\/wp-json\/wp\/v2\/product"}],"about":[{"href":"https:\/\/vitalstoffversand.com\/es\/wp-json\/wp\/v2\/types\/product"}],"wp:featuredmedia":[{"embeddable":true,"href":"https:\/\/vitalstoffversand.com\/es\/wp-json\/wp\/v2\/media\/64991"}],"wp:attachment":[{"href":"https:\/\/vitalstoffversand.com\/es\/wp-json\/wp\/v2\/media?parent=64982"}],"wp:term":[{"taxonomy":"product_brand","embeddable":true,"href":"https:\/\/vitalstoffversand.com\/es\/wp-json\/wp\/v2\/product_brand?post=64982"},{"taxonomy":"product_cat","embeddable":true,"href":"https:\/\/vitalstoffversand.com\/es\/wp-json\/wp\/v2\/product_cat?post=64982"},{"taxonomy":"product_tag","embeddable":true,"href":"https:\/\/vitalstoffversand.com\/es\/wp-json\/wp\/v2\/product_tag?post=64982"}],"curies":[{"name":"wp","href":"https:\/\/api.w.org\/{rel}","templated":true}]}}