{"id":64691,"date":"2026-02-25T12:56:30","date_gmt":"2026-02-25T11:56:30","guid":{"rendered":"https:\/\/vitalstoffversand.com\/?post_type=product&#038;p=64691"},"modified":"2026-03-21T15:52:00","modified_gmt":"2026-03-21T14:52:00","slug":"gen-creatina-monohidrato-1000-g-kopie","status":"publish","type":"product","link":"https:\/\/vitalstoffversand.com\/es\/producto\/gen-creatina-monohidrato-1000-g-kopie\/","title":{"rendered":"GEN <br>Monohidrato de creatina en polvo &#8211; Bolsa &#8211; 1000 g"},"content":{"rendered":"<p>Casi todos los deportistas y aficionados al fitness lo conocen: <strong><span style=\"color: #0000ff;\"><a href=\"https:\/\/vitalstoffversand.com\/knowledge-base\/creatin-kreatin\/\" target=\"_blank\" rel=\"noopener\">\u2192 monohidrato de creatina<\/a><\/span><\/strong>. Muchos lo utilizan regularmente o han o\u00eddo hablar de \u00e9l.<\/p>\n<p>La creatina es \u00fatil porque sirve al cuerpo como reserva de energ\u00eda.<\/p>\n<p>Aunque nuestro cuerpo tambi\u00e9n produce creatina, tiene mucho sentido ayudarle durante la pr\u00e1ctica deportiva mediante la suplementaci\u00f3n con creatina.<\/p>\n<ul>\n<li>Vegano<\/li>\n<li>Sin gluten<\/li>\n<li>Sin lactosa<\/li>\n<li>Sin OGM<\/li>\n<li>Fabricado seg\u00fan los estrictos est\u00e1ndares de calidad de la UE.<\/li>\n<\/ul>\n","protected":false},"excerpt":{"rendered":"<p>Casi todos los deportistas y aficionados al fitness lo conocen: \u2192 monohidrato de creatina. Muchos lo utilizan regularmente o han o\u00eddo hablar de \u00e9l. La creatina es \u00fatil porque sirve al cuerpo como reserva de energ\u00eda. Aunque nuestro cuerpo tambi\u00e9n produce creatina, tiene mucho sentido ayudarle durante la pr\u00e1ctica deportiva mediante la suplementaci\u00f3n con creatina. [&hellip;]<\/p>\n","protected":false},"featured_media":64724,"template":"","meta":{"_acf_changed":false},"product_brand":[10201],"product_cat":[351,363],"product_tag":[],"class_list":{"0":"post-64691","1":"product","2":"type-product","3":"status-publish","4":"has-post-thumbnail","6":"product_brand-gen-german-elite-nutrition-es","7":"product_cat-deporte-suplementario","8":"product_cat-productos-de-a-z","10":"first","11":"instock","12":"taxable","13":"shipping-taxable","14":"purchasable","15":"product-type-simple"},"acf":[],"_links":{"self":[{"href":"https:\/\/vitalstoffversand.com\/es\/wp-json\/wp\/v2\/product\/64691","targetHints":{"allow":["GET"]}}],"collection":[{"href":"https:\/\/vitalstoffversand.com\/es\/wp-json\/wp\/v2\/product"}],"about":[{"href":"https:\/\/vitalstoffversand.com\/es\/wp-json\/wp\/v2\/types\/product"}],"wp:featuredmedia":[{"embeddable":true,"href":"https:\/\/vitalstoffversand.com\/es\/wp-json\/wp\/v2\/media\/64724"}],"wp:attachment":[{"href":"https:\/\/vitalstoffversand.com\/es\/wp-json\/wp\/v2\/media?parent=64691"}],"wp:term":[{"taxonomy":"product_brand","embeddable":true,"href":"https:\/\/vitalstoffversand.com\/es\/wp-json\/wp\/v2\/product_brand?post=64691"},{"taxonomy":"product_cat","embeddable":true,"href":"https:\/\/vitalstoffversand.com\/es\/wp-json\/wp\/v2\/product_cat?post=64691"},{"taxonomy":"product_tag","embeddable":true,"href":"https:\/\/vitalstoffversand.com\/es\/wp-json\/wp\/v2\/product_tag?post=64691"}],"curies":[{"name":"wp","href":"https:\/\/api.w.org\/{rel}","templated":true}]}}