{"id":63240,"date":"2026-02-16T13:05:08","date_gmt":"2026-02-16T12:05:08","guid":{"rendered":"https:\/\/vitalstoffversand.com\/?post_type=product&#038;p=63240"},"modified":"2026-03-21T15:52:07","modified_gmt":"2026-03-21T14:52:07","slug":"vit4ever-zinc-complex-365-comprimidos-diferentes-variantes-kopie","status":"publish","type":"product","link":"https:\/\/vitalstoffversand.com\/es\/producto\/vit4ever-zinc-complex-365-comprimidos-diferentes-variantes-kopie\/","title":{"rendered":"Vit4ever <br>Complejo de zinc 25 mg &#8211; 400 comprimidos"},"content":{"rendered":"<p><a href=\"https:\/\/vitalstoffversand.com\/knowledge-base\/zink\/\" target=\"_blank\" rel=\"noopener\"><span style=\"color: #0000ff;\"><strong>\u2192 El zinc<\/strong><\/span><\/a> es un oligoelemento sumamente importante para nuestro organismo.<\/p>\n<p>Este producto aporta 25 mg de zinc en una combinaci\u00f3n compleja de tres fuentes de zinc: bisglicinato de zinc, gluconato de zinc y citrato de zinc.<br \/>\nComo alternativa, tambi\u00e9n hay disponible una <span style=\"color: #0000ff;\"><a href=\"https:\/\/vitalstoffversand.com\/produkt\/vit4ever-zink-komplex-15-mg-365\/\">variante con 15 mg de zinc<\/a><\/span>.<\/p>\n<p>El zinc es un componente b\u00e1sico de m\u00e1s de 50 enzimas de nuestro organismo y tambi\u00e9n desempe\u00f1a un papel importante en numerosos procesos metab\u00f3licos.<\/p>\n<p>Tambi\u00e9n refuerza nuestro sistema inmunitario, favorece la s\u00edntesis de prote\u00ednas y puede aumentar la producci\u00f3n de esperma en los hombres.<\/p>\n<ul>\n<li>Vegano<\/li>\n<li>Sin gluten<\/li>\n<li>Sin lactosa<\/li>\n<li>Sin OGM<\/li>\n<li>Fabricado seg\u00fan los estrictos est\u00e1ndares de calidad de la UE.<\/li>\n<\/ul>\n","protected":false},"excerpt":{"rendered":"<p>\u2192 El zinc es un oligoelemento sumamente importante para nuestro organismo. Este producto aporta 25 mg de zinc en una combinaci\u00f3n compleja de tres fuentes de zinc: bisglicinato de zinc, gluconato de zinc y citrato de zinc. Como alternativa, tambi\u00e9n hay disponible una variante con 15 mg de zinc. El zinc es un componente b\u00e1sico [&hellip;]<\/p>\n","protected":false},"featured_media":56067,"template":"","meta":{"_acf_changed":false},"product_brand":[10219],"product_cat":[342,363],"product_tag":[],"class_list":{"0":"post-63240","1":"product","2":"type-product","3":"status-publish","4":"has-post-thumbnail","6":"product_brand-vit4ever-es","7":"product_cat-minerales-y-oligoelementos","8":"product_cat-productos-de-a-z","10":"first","11":"instock","12":"taxable","13":"shipping-taxable","14":"purchasable","15":"product-type-simple"},"acf":[],"_links":{"self":[{"href":"https:\/\/vitalstoffversand.com\/es\/wp-json\/wp\/v2\/product\/63240","targetHints":{"allow":["GET"]}}],"collection":[{"href":"https:\/\/vitalstoffversand.com\/es\/wp-json\/wp\/v2\/product"}],"about":[{"href":"https:\/\/vitalstoffversand.com\/es\/wp-json\/wp\/v2\/types\/product"}],"wp:featuredmedia":[{"embeddable":true,"href":"https:\/\/vitalstoffversand.com\/es\/wp-json\/wp\/v2\/media\/56067"}],"wp:attachment":[{"href":"https:\/\/vitalstoffversand.com\/es\/wp-json\/wp\/v2\/media?parent=63240"}],"wp:term":[{"taxonomy":"product_brand","embeddable":true,"href":"https:\/\/vitalstoffversand.com\/es\/wp-json\/wp\/v2\/product_brand?post=63240"},{"taxonomy":"product_cat","embeddable":true,"href":"https:\/\/vitalstoffversand.com\/es\/wp-json\/wp\/v2\/product_cat?post=63240"},{"taxonomy":"product_tag","embeddable":true,"href":"https:\/\/vitalstoffversand.com\/es\/wp-json\/wp\/v2\/product_tag?post=63240"}],"curies":[{"name":"wp","href":"https:\/\/api.w.org\/{rel}","templated":true}]}}