{"id":62787,"date":"2026-01-31T19:30:35","date_gmt":"2026-01-31T18:30:35","guid":{"rendered":"https:\/\/vitalstoffversand.com\/produkt\/alphavitalis-bisglicinato-de-zinc-25-mg-365-comprimidos\/"},"modified":"2026-03-21T15:52:11","modified_gmt":"2026-03-21T14:52:11","slug":"alphavitalis-bisglicinato-de-zinc-25-mg-365-comprimidos","status":"publish","type":"product","link":"https:\/\/vitalstoffversand.com\/es\/producto\/alphavitalis-bisglicinato-de-zinc-25-mg-365-comprimidos\/","title":{"rendered":"alphavitalis <br>Bisglicinato de zinc &#8211; 25 mg &#8211; 365 comprimidos"},"content":{"rendered":"<p><span style=\"color: #0000ff;\"><strong><a href=\"https:\/\/vitalstoffversand.com\/knowledge-base\/zink\/\" target=\"_blank\" rel=\"noopener\">\u2192 El zinc<\/a><\/strong><\/span> es un principio activo importante para nuestro sistema inmunol\u00f3gico, el metabolismo y nuestra piel, cabello y u\u00f1as.<\/p>\n<p>El bisglicinato de zinc es un compuesto que ofrece una biodisponibilidad \u00f3ptima.<\/p>\n<ul>\n<li>Vegano<\/li>\n<li>Sin gluten<\/li>\n<li>Sin lactosa<\/li>\n<li>Sin OGM<\/li>\n<li>Fabricado seg\u00fan los estrictos est\u00e1ndares de calidad de la UE.<\/li>\n<\/ul>\n","protected":false},"excerpt":{"rendered":"<p>\u2192 El zinc es un principio activo importante para nuestro sistema inmunol\u00f3gico, el metabolismo y nuestra piel, cabello y u\u00f1as. El bisglicinato de zinc es un compuesto que ofrece una biodisponibilidad \u00f3ptima. Vegano Sin gluten Sin lactosa Sin OGM Fabricado seg\u00fan los estrictos est\u00e1ndares de calidad de la UE.<\/p>\n","protected":false},"featured_media":62783,"template":"","meta":{"_acf_changed":false},"product_brand":[10194],"product_cat":[342,363],"product_tag":[],"class_list":{"0":"post-62787","1":"product","2":"type-product","3":"status-publish","4":"has-post-thumbnail","6":"product_brand-alphavitalis-es","7":"product_cat-minerales-y-oligoelementos","8":"product_cat-productos-de-a-z","10":"first","11":"instock","12":"taxable","13":"shipping-taxable","14":"purchasable","15":"product-type-simple"},"acf":[],"_links":{"self":[{"href":"https:\/\/vitalstoffversand.com\/es\/wp-json\/wp\/v2\/product\/62787","targetHints":{"allow":["GET"]}}],"collection":[{"href":"https:\/\/vitalstoffversand.com\/es\/wp-json\/wp\/v2\/product"}],"about":[{"href":"https:\/\/vitalstoffversand.com\/es\/wp-json\/wp\/v2\/types\/product"}],"wp:featuredmedia":[{"embeddable":true,"href":"https:\/\/vitalstoffversand.com\/es\/wp-json\/wp\/v2\/media\/62783"}],"wp:attachment":[{"href":"https:\/\/vitalstoffversand.com\/es\/wp-json\/wp\/v2\/media?parent=62787"}],"wp:term":[{"taxonomy":"product_brand","embeddable":true,"href":"https:\/\/vitalstoffversand.com\/es\/wp-json\/wp\/v2\/product_brand?post=62787"},{"taxonomy":"product_cat","embeddable":true,"href":"https:\/\/vitalstoffversand.com\/es\/wp-json\/wp\/v2\/product_cat?post=62787"},{"taxonomy":"product_tag","embeddable":true,"href":"https:\/\/vitalstoffversand.com\/es\/wp-json\/wp\/v2\/product_tag?post=62787"}],"curies":[{"name":"wp","href":"https:\/\/api.w.org\/{rel}","templated":true}]}}