{"id":62646,"date":"2026-01-29T18:11:46","date_gmt":"2026-01-29T17:11:46","guid":{"rendered":"https:\/\/vitalstoffversand.com\/?post_type=product&#038;p=62646"},"modified":"2026-03-21T15:52:14","modified_gmt":"2026-03-21T14:52:14","slug":"natura-med-cascaras-de-psyllium-ecologico-diferentes-cantidades-kopie","status":"publish","type":"product","link":"https:\/\/vitalstoffversand.com\/es\/producto\/natura-med-cascaras-de-psyllium-ecologico-diferentes-cantidades-kopie\/","title":{"rendered":"Natura Med <br>C\u00e1scaras de psyllium ecol\u00f3gicas &#8211; 500 g"},"content":{"rendered":"<p>Las c\u00e1scaras de psyllium son una fuente muy buena de fibra y pueden contribuir a una dieta rica en fibra.<\/p>\n<p>Gracias a sus fuertes propiedades hinchantes, pueden tener un efecto positivo sobre la sensaci\u00f3n de saciedad y la digesti\u00f3n, por lo que son ideales para complementar una dieta.<\/p>\n<p>Las c\u00e1scaras de psyllium tambi\u00e9n se utilizan para tratar el estre\u00f1imiento, los problemas digestivos y para limpiar y sanear el intestino.<\/p>\n<ul>\n<li>100 % natural &#8211; sin aditivos<\/li>\n<li>Vegano<\/li>\n<li>Sin gluten<\/li>\n<li>Sin lactosa<\/li>\n<li>Sin OGM<\/li>\n<li>Fabricado seg\u00fan los estrictos est\u00e1ndares de calidad de la UE.<\/li>\n<\/ul>\n","protected":false},"excerpt":{"rendered":"<p>Las c\u00e1scaras de psyllium son una fuente muy buena de fibra y pueden contribuir a una dieta rica en fibra. Gracias a sus fuertes propiedades hinchantes, pueden tener un efecto positivo sobre la sensaci\u00f3n de saciedad y la digesti\u00f3n, por lo que son ideales para complementar una dieta. Las c\u00e1scaras de psyllium tambi\u00e9n se utilizan [&hellip;]<\/p>\n","protected":false},"featured_media":40497,"template":"","meta":{"_acf_changed":false},"product_brand":[10205],"product_cat":[350,303,363],"product_tag":[],"class_list":{"0":"post-62646","1":"product","2":"type-product","3":"status-publish","4":"has-post-thumbnail","6":"product_brand-natura-med-es","7":"product_cat-nutrientes","8":"product_cat-ecologico","9":"product_cat-productos-de-a-z","11":"first","12":"instock","13":"taxable","14":"shipping-taxable","15":"purchasable","16":"product-type-simple"},"acf":[],"_links":{"self":[{"href":"https:\/\/vitalstoffversand.com\/es\/wp-json\/wp\/v2\/product\/62646","targetHints":{"allow":["GET"]}}],"collection":[{"href":"https:\/\/vitalstoffversand.com\/es\/wp-json\/wp\/v2\/product"}],"about":[{"href":"https:\/\/vitalstoffversand.com\/es\/wp-json\/wp\/v2\/types\/product"}],"wp:featuredmedia":[{"embeddable":true,"href":"https:\/\/vitalstoffversand.com\/es\/wp-json\/wp\/v2\/media\/40497"}],"wp:attachment":[{"href":"https:\/\/vitalstoffversand.com\/es\/wp-json\/wp\/v2\/media?parent=62646"}],"wp:term":[{"taxonomy":"product_brand","embeddable":true,"href":"https:\/\/vitalstoffversand.com\/es\/wp-json\/wp\/v2\/product_brand?post=62646"},{"taxonomy":"product_cat","embeddable":true,"href":"https:\/\/vitalstoffversand.com\/es\/wp-json\/wp\/v2\/product_cat?post=62646"},{"taxonomy":"product_tag","embeddable":true,"href":"https:\/\/vitalstoffversand.com\/es\/wp-json\/wp\/v2\/product_tag?post=62646"}],"curies":[{"name":"wp","href":"https:\/\/api.w.org\/{rel}","templated":true}]}}